{"id":175,"date":"2025-07-08T08:49:08","date_gmt":"2025-07-08T06:49:08","guid":{"rendered":"https:\/\/www.rehab.se\/?page_id=175"},"modified":"2026-03-13T16:22:55","modified_gmt":"2026-03-13T15:22:55","slug":"gdpr","status":"publish","type":"page","link":"https:\/\/www.rehab.se\/gdpr\/","title":{"rendered":"GDPR"},"content":{"rendered":"\n<p>Vi v\u00e4rnar om din integritet. Du ska kunna k\u00e4nna dig trygg n\u00e4r du anf\u00f6rtror oss dina personuppgifter. D\u00e4rf\u00f6r har vi uppr\u00e4ttat den h\u00e4r policyn. Den utg\u00e5r fr\u00e5n g\u00e4llande dataskyddslagstiftning och f\u00f6rtydligar hur vi jobbar f\u00f6r att ta tillvara dina r\u00e4ttigheter och din integritet.<\/p>\n\n\n\n<h2 class=\"wp-block-heading\">Rutiner kring GDPR<\/h2>\n\n\n\n<p>Avseende behandling av personuppgifter f\u00f6r kunder p\u00e5 T\u00e4by Rehab Center AB. <br><em>(F\u00f6r personer som bes\u00f6ker fysioterapeut g\u00e4ller Patientdatalagen (214:821), inte GDPR.)<\/em><\/p>\n\n\n\n<h3 class=\"wp-block-heading\">Syfte <\/h3>\n\n\n\n<p>Den 25 maj 2018 inf\u00f6rs en ny dataskyddslag, GDPR (General Data Protection Regulation) som ska g\u00e4lla i EU.<\/p>\n\n\n\n<p>Syftet med v\u00e5r GDPR-policy \u00e4r att du ska f\u00e5 veta hur vi behandlar dina personuppgifter, vad vi anv\u00e4nder dem till, vilka som f\u00e5r ta del av dem och under vilka f\u00f6ruts\u00e4ttningar, samt hur du kan ta tillvara dina r\u00e4ttigheter.<\/p>\n\n\n\n<p>Vi behandlar dina personuppgifter f\u00f6r att kunna uppfylla dina r\u00e4ttigheter n\u00e4r du bes\u00f6ker T\u00e4by Rehab Center, t.ex. vilken typ av kort du har eller i \u00f6vrigt n\u00e4r du kontaktar oss exempelvis f\u00f6r uppf\u00f6ljning och information. (Laglig grund enligt GDPR: Avtalssituation)<\/p>\n\n\n\n<p>V\u00e5r utg\u00e5ngspunkt \u00e4r att inte behandla fler personuppgifter \u00e4n vad som beh\u00f6vs f\u00f6r \u00e4ndam\u00e5let och att dessa \u00e4r korrekta. D\u00e5 avtalssituationen upph\u00f6r, raderas dina personuppgifter.<\/p>\n\n\n\n<h2 class=\"wp-block-heading\">Riktlinjer<\/h2>\n\n\n\n<h3 class=\"wp-block-heading\">Vilka personuppgifter behandlar vi? <\/h3>\n\n\n\n<p>Vi behandlar endast personuppgifter n\u00e4r vi har laglig grund. Vi behandlar inte personuppgifter i annat fall \u00e4n n\u00e4r de beh\u00f6vs f\u00f6r att fullg\u00f6ra f\u00f6rpliktelser enligt avtal och lag. H\u00e4r f\u00f6ljer exempel p\u00e5 personuppgifterna vi behandlar:<\/p>\n\n\n\n<ul class=\"wp-block-list\">\n<li>Namn<\/li>\n\n\n\n<li>Personnummer<\/li>\n\n\n\n<li>Adress<\/li>\n\n\n\n<li>E-postadress<\/li>\n\n\n\n<li>Typ av tr\u00e4ningskort<\/li>\n\n\n\n<li>Telefonnummer<\/li>\n\n\n\n<li>Bankuppgifter (autogiro)<\/li>\n\n\n\n<li>Uppgifter som du registrerade sj\u00e4lvmant och frivilligt uppger<\/li>\n<\/ul>\n\n\n\n<p>Hur f\u00e5r vi tillg\u00e5ng till dina personuppgifter? Vi f\u00e5r tillg\u00e5ng till dina personuppgifter p\u00e5 f\u00f6ljande s\u00e4tt:<\/p>\n\n\n\n<ul class=\"wp-block-list\">\n<li>Uppgifter som du tillhandah\u00e5ller oss direkt<\/li>\n\n\n\n<li>Uppgifter som du registrerar n\u00e4r du bes\u00f6ker v\u00e5r hemsida.<\/li>\n<\/ul>\n\n\n\n<h3 class=\"wp-block-heading\">Vilken information ger vi till dig? <\/h3>\n\n\n\n<p>N\u00e4r vi samlar in dina personuppgifter f\u00f6r f\u00f6rsta g\u00e5ngen kommer vi att informera dig om hur vi har f\u00e5tt tag i personuppgifterna, vad vi kommer att anv\u00e4nda dem till, vilka r\u00e4ttigheter du har enligt dataskyddslagstiftningen och hur du kan ta tillvara dessa. Du kommer ocks\u00e5 att bli informerad om vem som \u00e4r ansvarig f\u00f6r personuppgiftsbehandlingen och hur du kan kontakta oss om du har fr\u00e5gor eller beh\u00f6ver l\u00e4mna en beg\u00e4ran eller f\u00f6rfr\u00e5gan som avser dina personuppgifter och\/eller r\u00e4ttigheter.<\/p>\n\n\n\n<h3 class=\"wp-block-heading\">Behandlas dina personuppgifter p\u00e5 ett betryggande s\u00e4tt? <\/h3>\n\n\n\n<p>Vi utarbetar rutiner och arbetss\u00e4tt f\u00f6r att dina personuppgifter ska hanteras p\u00e5 ett s\u00e4kert s\u00e4tt. Utg\u00e5ngspunkten \u00e4r att endast arbetstagare och andra personer inom organisationen som beh\u00f6ver personuppgifterna f\u00f6r att utf\u00f6ra sina arbetsuppgifter ska ha tillg\u00e5ng till dem.<\/p>\n\n\n\n<p>V\u00e5ra s\u00e4kerhetssystem \u00e4r utvecklade med din integritet i fokus och skyddar mot intr\u00e5ng, f\u00f6rst\u00f6ring eller andra f\u00f6r\u00e4ndringar som kan inneb\u00e4ra en risk f\u00f6r din integritet. (Privacy by Design) I de fall vi anlitar extern systemleverant\u00f6r, har vi tecknat \u201cunderbitr\u00e4desavtal\u201d f\u00f6r att garantera att GDPR efterf\u00f6ljs.<\/p>\n\n\n\n<h3 class=\"wp-block-heading\">N\u00e4r l\u00e4mnar vi ut dina personuppgifter? <\/h3>\n\n\n\n<p>Vi l\u00e4mnar inte ut dina personuppgifter till tredje part om du inte har samtyckt till det eller om det inte \u00e4r n\u00f6dv\u00e4ndigt f\u00f6r att uppfylla v\u00e5ra f\u00f6rpliktelser enligt avtal eller lag. I de fall vi l\u00e4mnar ut personuppgifter till tredje part uppr\u00e4ttar vi sekretessavtal samt s\u00e4kerst\u00e4ller att personuppgifterna behandlas p\u00e5 ett betryggande s\u00e4tt.<\/p>\n\n\n\n<h2 class=\"wp-block-heading\">Dina r\u00e4ttigheter <\/h2>\n\n\n\n<p>Du kan, n\u00e4r helst du \u00f6nskar, beg\u00e4ra ett utdrag om vilka personuppgifter vi behandlar om dig.<\/p>\n\n\n\n<h2 class=\"wp-block-heading\">V\u00e5rt ansvar<\/h2>\n\n\n\n<p>T\u00e4by Rehab Center AB \u00e4r personuppgiftsansvarig, vilket inneb\u00e4r att vi \u00e4r ansvariga f\u00f6r hur dina personuppgifter behandlas och att dina r\u00e4ttigheter tillvaratas.<\/p>\n\n\n\n<p><strong>Handl\u00e4ggare r\u00f6rande GDPR \u00e4r:<br><\/strong>Sofia S\u00f6rensen<br><a href=\"mailto:Sofia@rehab.se\">Sofia@rehab.se<\/a><br>TRC20180525\u00a0<\/p>\n","protected":false},"excerpt":{"rendered":"<p>Vi v\u00e4rnar om din integritet. Du ska kunna k\u00e4nna dig trygg n\u00e4r du anf\u00f6rtror oss dina personuppgifter. D\u00e4rf\u00f6r har vi uppr\u00e4ttat den h\u00e4r policyn. Den utg\u00e5r fr\u00e5n g\u00e4llande dataskyddslagstiftning och f\u00f6rtydligar hur vi jobbar f\u00f6r att ta tillvara dina r\u00e4ttigheter och din integritet. Rutiner kring GDPR Avseende behandling av personuppgifter f\u00f6r kunder p\u00e5 T\u00e4by Rehab &#8230; <a title=\"GDPR\" class=\"read-more\" href=\"https:\/\/www.rehab.se\/gdpr\/\" aria-label=\"L\u00e4s mer om GDPR\">L\u00e4s mer<\/a><\/p>\n","protected":false},"author":1,"featured_media":0,"parent":0,"menu_order":0,"comment_status":"closed","ping_status":"closed","template":"","meta":{"footnotes":""},"class_list":["post-175","page","type-page","status-publish"],"_links":{"self":[{"href":"https:\/\/www.rehab.se\/wp-json\/wp\/v2\/pages\/175","targetHints":{"allow":["GET"]}}],"collection":[{"href":"https:\/\/www.rehab.se\/wp-json\/wp\/v2\/pages"}],"about":[{"href":"https:\/\/www.rehab.se\/wp-json\/wp\/v2\/types\/page"}],"author":[{"embeddable":true,"href":"https:\/\/www.rehab.se\/wp-json\/wp\/v2\/users\/1"}],"replies":[{"embeddable":true,"href":"https:\/\/www.rehab.se\/wp-json\/wp\/v2\/comments?post=175"}],"version-history":[{"count":4,"href":"https:\/\/www.rehab.se\/wp-json\/wp\/v2\/pages\/175\/revisions"}],"predecessor-version":[{"id":876,"href":"https:\/\/www.rehab.se\/wp-json\/wp\/v2\/pages\/175\/revisions\/876"}],"wp:attachment":[{"href":"https:\/\/www.rehab.se\/wp-json\/wp\/v2\/media?parent=175"}],"curies":[{"name":"wp","href":"https:\/\/api.w.org\/{rel}","templated":true}]}}