{"id":194,"date":"2025-07-08T15:28:32","date_gmt":"2025-07-08T13:28:32","guid":{"rendered":"https:\/\/www.rehab.se\/?page_id=194"},"modified":"2026-03-19T11:54:49","modified_gmt":"2026-03-19T10:54:49","slug":"prislista","status":"publish","type":"page","link":"https:\/\/www.rehab.se\/prislista\/","title":{"rendered":"Prislista"},"content":{"rendered":"\n<h2 class=\"wp-block-heading\"><strong>Tr\u00e4ningskort 202<\/strong>6<\/h2>\n\n\n\n<h3 class=\"wp-block-heading\">Ordinarie tr\u00e4ningskort<\/h3>\n\n\n\n<p>Medlemskap\/Autogiro&nbsp;<strong>395:-\/m\u00e5nad<\/strong>&nbsp;&nbsp;<br>\u00c5rskort&nbsp;<strong>4 850:-<br><\/strong>6 \u2013 m\u00e5nader&nbsp;<strong>3 350:-<br><\/strong>3 \u2013 m\u00e5nader&nbsp;<strong>2 450:-<\/strong><\/p>\n\n\n\n<h3 class=\"wp-block-heading\">Kv\u00e4ll- och helgskort<\/h3>\n\n\n\n<p>Medlemskap\/Autogiro&nbsp;<strong>300:-\/m\u00e5nad<br><\/strong>\u00c5rskort&nbsp;<strong>3 650:-<\/strong><br>6 \u2013 m\u00e5nader&nbsp;<strong>2 550:-<br><\/strong>3 \u2013 m\u00e5nader&nbsp;<strong>1 850:-<\/strong><\/p>\n\n\n\n<p><strong><em>Kv\u00e4ll- och helgskort g\u00e4ller<\/em><br><\/strong><em>M\u00e5n-fre 05.00-7.30 och 17.00-23.00<\/em><br>L<em>\u00f6r-s\u00f6n 05.00-23.00<\/em><br><em>R\u00f6da dagar och i juli<\/em><\/p>\n\n\n\n<p><\/p>\n\n\n\n<h3 class=\"wp-block-heading\">\u00d6vriga tr\u00e4ningskort<\/h3>\n\n\n\n<p>Gymintroduktion\/Uppf\u00f6ljning<strong>&nbsp;575<\/strong>:-&nbsp; &nbsp;<br>Eng\u00e5ngstr\u00e4ning<strong>&nbsp;175:-&nbsp;&nbsp;<\/strong>&nbsp; &nbsp; &nbsp; &nbsp; &nbsp; &nbsp; &nbsp; &nbsp; &nbsp; &nbsp; &nbsp; &nbsp; &nbsp; &nbsp; &nbsp; &nbsp; &nbsp; &nbsp; &nbsp; &nbsp; &nbsp; &nbsp; &nbsp; &nbsp; &nbsp; &nbsp; &nbsp; &nbsp; &nbsp; &nbsp; &nbsp; &nbsp;<br>10-klippkort (g\u00e4ller endast vardagar &amp; i 12 m\u00e5n)&nbsp;<strong>1 650:-<\/strong><\/p>\n\n\n\n<p>FaR-kort 3 \u2013 m\u00e5nader&nbsp;<strong>995:-<\/strong>&nbsp;&nbsp;<br>Rehab-kort&nbsp;3 \u2013 m\u00e5nader&nbsp;<strong>995:-<\/strong>&nbsp;&nbsp;&nbsp;&nbsp;&nbsp;&nbsp;&nbsp;&nbsp;&nbsp;&nbsp;&nbsp;<\/p>\n\n\n\n<hr class=\"wp-block-separator has-alpha-channel-opacity\"\/>\n\n\n\n<p><br>Blipp till gymmet <strong>200 :-<\/strong><\/p>\n\n\n\n<p>Blipp f\u00f6r att f\u00e5 tilltr\u00e4de till gymmet n\u00e4r receptionen \u00e4r obemannad ing\u00e5r i alla medlemskap med autogiro, \u00e5rskort samt kv\u00e4ll- och helgkort.&nbsp;<br><br>*Alla \u00e5rskort och medlemskap med autogiro kan frysas i upp till 2 m\u00e5nader, f\u00f6rdelat p\u00e5 max 2 tillf\u00e4llen. Beg\u00e4ran om frysning skickas via e-post till&nbsp;<a href=\"mailto:frysakort@rehab.se\">frysakort@rehab.se<\/a>&nbsp;senast tv\u00e5 veckor innan \u00f6nskat startdatum. Medlemskapet har 12 m\u00e5naders bindningstid, d\u00e4refter g\u00e4ller 1 m\u00e5nads upps\u00e4gningstid.<\/p>\n\n\n\n<hr class=\"wp-block-separator has-alpha-channel-opacity\"\/>\n\n\n\n<h2 class=\"wp-block-heading\"><strong>Fysioterapi<\/strong>\/sjukgymnastik<\/h2>\n\n\n\n<figure class=\"wp-block-image size-large is-resized\"><img loading=\"lazy\" decoding=\"async\" width=\"1024\" height=\"261\" src=\"https:\/\/www.rehab.se\/wp-content\/uploads\/2026\/03\/RS_symbol_uppdrag_svart_RGB-1024x261.png\" alt=\"\" class=\"wp-image-787\" style=\"aspect-ratio:3.9235485034258923;width:145px;height:auto\" srcset=\"https:\/\/www.rehab.se\/wp-content\/uploads\/2026\/03\/RS_symbol_uppdrag_svart_RGB-1024x261.png 1024w, https:\/\/www.rehab.se\/wp-content\/uploads\/2026\/03\/RS_symbol_uppdrag_svart_RGB-300x77.png 300w, https:\/\/www.rehab.se\/wp-content\/uploads\/2026\/03\/RS_symbol_uppdrag_svart_RGB-768x196.png 768w, https:\/\/www.rehab.se\/wp-content\/uploads\/2026\/03\/RS_symbol_uppdrag_svart_RGB-1536x392.png 1536w, https:\/\/www.rehab.se\/wp-content\/uploads\/2026\/03\/RS_symbol_uppdrag_svart_RGB-2048x523.png 2048w\" sizes=\"auto, (max-width: 1024px) 100vw, 1024px\" \/><\/figure>\n\n\n\n<p>Fysioterapi\/sjukgymnastik <strong>275 :-\/bes\u00f6k<\/strong><br><em>Frikort f\u00f6r sjukv\u00e5rd g\u00e4ller<\/em><\/p>\n\n\n\n<p><strong>Avbokningsvillkor<\/strong><br>\u00c5terbud till fysioterapeut\/sjukgymnast\/terapeut skall l\u00e4mnas senast 24 timmar f\u00f6re bokad tid annars debiteras 400 kr. Detta g\u00e4ller \u00e4ven vid innehav av frikort och under 18 \u00e5r eller \u00f6ver 85 \u00e5r. Utebliven sms-p\u00e5minnelse fr\u00e5n din v\u00e5rdgivare inf\u00f6r bokat bes\u00f6k \u00e4r inte ett giltigt sk\u00e4l f\u00f6r sen avbokning, ombokning eller uteblivet bes\u00f6k.<\/p>\n\n\n\n<p><a href=\"https:\/\/www.rehab.se\/wp-content\/uploads\/2026\/03\/Affisch-patientavgifter.pdf\" data-type=\"link\" data-id=\"https:\/\/www.rehab.se\/wp-content\/uploads\/2026\/03\/Affisch-patientavgifter.pdf\" target=\"_blank\" rel=\"noreferrer noopener\">Patientavgifter f\u00f6r 2026<\/a><\/p>\n\n\n\n<hr class=\"wp-block-separator has-alpha-channel-opacity\"\/>\n\n\n\n<h2 class=\"wp-block-heading\">Privatbes\u00f6k<\/h2>\n\n\n\n<p>Kiropraktor <strong>695 :-\/bes\u00f6k<\/strong><br>Fysioterapi\/Sjukgymnastik <strong>695 :-\/bes\u00f6k<\/strong><\/p>\n\n\n\n<h3 class=\"wp-block-heading\">Massageterapeut<\/h3>\n\n\n\n<p>Massage 30 min &nbsp; &nbsp; &nbsp; &nbsp; &nbsp; &nbsp; &nbsp; &nbsp; &nbsp; &nbsp; &nbsp; &nbsp; &nbsp; &nbsp; &nbsp; &nbsp; &nbsp; <strong>550:-<\/strong>&nbsp;&nbsp; &nbsp; &nbsp; &nbsp; &nbsp; &nbsp; &nbsp; &nbsp; &nbsp; &nbsp; &nbsp; &nbsp; &nbsp; &nbsp; &nbsp; &nbsp; &nbsp; &nbsp; &nbsp; &nbsp; &nbsp; &nbsp; &nbsp; &nbsp; &nbsp; &nbsp; &nbsp; &nbsp; &nbsp; &nbsp; &nbsp; &nbsp;<br>Massage 45 min &nbsp; &nbsp; &nbsp; &nbsp; &nbsp; &nbsp; &nbsp; &nbsp; &nbsp; &nbsp; &nbsp; &nbsp; &nbsp; &nbsp; &nbsp; &nbsp; &nbsp; <strong>750:-<br><\/strong>Massage 60 min &nbsp; &nbsp; &nbsp; &nbsp; &nbsp; &nbsp; &nbsp; &nbsp; &nbsp; &nbsp; &nbsp; &nbsp; &nbsp; &nbsp; &nbsp; &nbsp; &nbsp; <strong>850:-<\/strong><\/p>\n\n\n\n<p><em><strong>Avbokningsvillkor<\/strong><br>\u00c5terbud till massageterapeut\/kiropraktor skall l\u00e4mnas senast 24 timmar f\u00f6re bokad tid annars debiteras enligt prislista.<\/em><\/p>\n\n\n\n<h3 class=\"wp-block-heading\">Yoga<\/h3>\n\n\n\n<p>Kundaliniyoga &amp; medveten n\u00e4rvaro 90 min&nbsp;<br>15 ggr <strong>3 690 :-<\/strong><br>Dropin <strong>280 kr\/tillf\u00e4lle<\/strong>&nbsp;<em>(i m\u00e5n av plats. Informera instrukt\u00f6ren senast samma dag)<\/em><\/p>\n\n\n\n<p>VinyasaFlow kurs 75 min <br>10 ggr <strong>2 495 :-<\/strong><\/p>\n\n\n\n<hr class=\"wp-block-separator has-alpha-channel-opacity\"\/>\n\n\n\n<p><strong>Vi samarbetar med:<\/strong><br>Benefit tidigare Wellnet <br>Benify<br>Epassi<\/p>\n","protected":false},"excerpt":{"rendered":"<p>Tr\u00e4ningskort 2026 Ordinarie tr\u00e4ningskort Medlemskap\/Autogiro&nbsp;395:-\/m\u00e5nad&nbsp;&nbsp;\u00c5rskort&nbsp;4 850:-6 \u2013 m\u00e5nader&nbsp;3 350:-3 \u2013 m\u00e5nader&nbsp;2 450:- Kv\u00e4ll- och helgskort Medlemskap\/Autogiro&nbsp;300:-\/m\u00e5nad\u00c5rskort&nbsp;3 650:-6 \u2013 m\u00e5nader&nbsp;2 550:-3 \u2013 m\u00e5nader&nbsp;1 850:- Kv\u00e4ll- och helgskort g\u00e4llerM\u00e5n-fre 05.00-7.30 och 17.00-23.00L\u00f6r-s\u00f6n 05.00-23.00R\u00f6da dagar och i juli \u00d6vriga tr\u00e4ningskort Gymintroduktion\/Uppf\u00f6ljning&nbsp;575:-&nbsp; &nbsp;Eng\u00e5ngstr\u00e4ning&nbsp;175:-&nbsp;&nbsp;&nbsp; &nbsp; &nbsp; &nbsp; &nbsp; &nbsp; &nbsp; &nbsp; &nbsp; &nbsp; &nbsp; &nbsp; &nbsp; &nbsp; &nbsp; &nbsp; &nbsp; &#8230; <a title=\"Prislista\" class=\"read-more\" href=\"https:\/\/www.rehab.se\/prislista\/\" aria-label=\"L\u00e4s mer om Prislista\">L\u00e4s mer<\/a><\/p>\n","protected":false},"author":1,"featured_media":0,"parent":0,"menu_order":0,"comment_status":"closed","ping_status":"closed","template":"","meta":{"footnotes":""},"class_list":["post-194","page","type-page","status-publish"],"_links":{"self":[{"href":"https:\/\/www.rehab.se\/wp-json\/wp\/v2\/pages\/194","targetHints":{"allow":["GET"]}}],"collection":[{"href":"https:\/\/www.rehab.se\/wp-json\/wp\/v2\/pages"}],"about":[{"href":"https:\/\/www.rehab.se\/wp-json\/wp\/v2\/types\/page"}],"author":[{"embeddable":true,"href":"https:\/\/www.rehab.se\/wp-json\/wp\/v2\/users\/1"}],"replies":[{"embeddable":true,"href":"https:\/\/www.rehab.se\/wp-json\/wp\/v2\/comments?post=194"}],"version-history":[{"count":9,"href":"https:\/\/www.rehab.se\/wp-json\/wp\/v2\/pages\/194\/revisions"}],"predecessor-version":[{"id":891,"href":"https:\/\/www.rehab.se\/wp-json\/wp\/v2\/pages\/194\/revisions\/891"}],"wp:attachment":[{"href":"https:\/\/www.rehab.se\/wp-json\/wp\/v2\/media?parent=194"}],"curies":[{"name":"wp","href":"https:\/\/api.w.org\/{rel}","templated":true}]}}