{"id":40,"date":"2025-07-04T10:54:25","date_gmt":"2025-07-04T08:54:25","guid":{"rendered":"https:\/\/www.rehab.se\/?page_id=40"},"modified":"2026-03-06T12:22:53","modified_gmt":"2026-03-06T11:22:53","slug":"om-oss","status":"publish","type":"page","link":"https:\/\/www.rehab.se\/om-oss\/","title":{"rendered":"Om oss"},"content":{"rendered":"\n<p>T\u00e4by Rehab Center AB har erbjudit professionell rehabilitering och friskv\u00e5rd sedan&nbsp;<strong>1993<\/strong>. Vi specialiserar oss p\u00e5&nbsp;<strong>fysioterapi\/sjukgymnastik<\/strong>,&nbsp;<strong>kiropraktik<\/strong>&nbsp;och&nbsp;<strong>friskv\u00e5rd<\/strong>, inklusive gym och h\u00e4lsokurser som&nbsp;<strong>yoga<\/strong>.<\/p>\n\n\n\n<figure class=\"wp-block-image size-full\"><img loading=\"lazy\" decoding=\"async\" width=\"2560\" height=\"1920\" src=\"https:\/\/www.rehab.se\/wp-content\/uploads\/2025\/07\/unnamed-1-scaled.jpg\" alt=\"\" class=\"wp-image-302\" style=\"aspect-ratio:16\/9;object-fit:cover\" srcset=\"https:\/\/www.rehab.se\/wp-content\/uploads\/2025\/07\/unnamed-1-scaled.jpg 2560w, https:\/\/www.rehab.se\/wp-content\/uploads\/2025\/07\/unnamed-1-300x225.jpg 300w, https:\/\/www.rehab.se\/wp-content\/uploads\/2025\/07\/unnamed-1-1024x768.jpg 1024w, https:\/\/www.rehab.se\/wp-content\/uploads\/2025\/07\/unnamed-1-768x576.jpg 768w, https:\/\/www.rehab.se\/wp-content\/uploads\/2025\/07\/unnamed-1-1536x1152.jpg 1536w, https:\/\/www.rehab.se\/wp-content\/uploads\/2025\/07\/unnamed-1-2048x1536.jpg 2048w\" sizes=\"auto, (max-width: 2560px) 100vw, 2560px\" \/><\/figure>\n\n\n\n<h2 class=\"wp-block-heading has-rehab-rd-1-color has-text-color has-link-color wp-elements-0fbc20f28c089418283c31b7dd4104d1\">V\u00e5r historia<\/h2>\n\n\n\n<p><strong>1993<\/strong><strong><br><\/strong>Bolaget bildas under namnet <em>Thomas Kihlstr\u00f6ms Rehab Center<\/em>, med Procurama som hel\u00e4gare. Verksamheten etableras i Varggropen i L\u00f6ttingelund och omfattar en naprapat samt tv\u00e5 sjukgymnaster.<\/p>\n\n\n\n<p><strong>1994<\/strong><strong><br><\/strong>Den 1 januari inf\u00f6rs fri etableringsr\u00e4tt f\u00f6r sjukgymnaster med ers\u00e4ttning enligt Nationell taxa (LOS \u2013 Lagen om ers\u00e4ttning f\u00f6r sjukgymnastik). Centret flyttar till st\u00f6rre, specialanpassade lokaler i direkt anslutning till T\u00e4by Park Hotel. Under \u00e5ret ansluter flera sjukgymnaster med egen etablering.<\/p>\n\n\n\n<p><strong>1995<\/strong><strong><br><\/strong>Den 1 januari upph\u00f6r den fria etableringsr\u00e4tten. Nyetableringar kr\u00e4ver samverkansavtal med landstinget. Sjukgymnaster som ans\u00f6kt om etablering f\u00f6re november 1994 ges undantag. Verksamheten utvecklas starkt med flera nya sjukgymnaster och bolaget byter namn till T\u00e4by Rehab Center AB<\/p>\n\n\n\n<p><strong>2008<\/strong><strong><br><\/strong>Moderbolaget Procurama AB f\u00f6rv\u00e4rvar fastigheten Hingsten 2, Kemistv\u00e4gen 1 i T\u00e4by. Under v\u00e5ren p\u00e5b\u00f6rjas ombyggnation och anpassning till ny rehabanl\u00e4ggning om cirka 1 500 m\u00b2.<\/p>\n\n\n\n<p><strong>2009<\/strong><strong><br><\/strong>Den 1 januari invigs den nya mottagningen. P\u00e5 centret arbetar tolv sjukgymnaster, en specialistl\u00e4kare i ortopedi, en mass\u00f6r samt en naprapat.<\/p>\n\n\n\n<p><strong>2012<\/strong><strong><br><\/strong>I Region Stockholm inf\u00f6rs Lagen om valfrihetssystem (LOV) f\u00f6r specialiserad fysioterapi.<\/p>\n\n\n\n<p><strong>2015<\/strong><strong><br><\/strong>Som komplement till den kliniska behandlingen utvecklas strukturerad rehabtr\u00e4ning f\u00f6r patienter som \u00f6nskar forts\u00e4tta sin tr\u00e4ning efter avslutad behandling. (Fritr\u00e4ning)<\/p>\n\n\n\n<p><strong>2025<\/strong><strong><br><\/strong>Antalet specialiserade fysioterapeuter (LOV) och sjukgymnaster (LOS) uppg\u00e5r till sexton personer. T\u00e4by Rehab Center AB har totalt cirka 44 000 patient- och fritr\u00e4ningsbes\u00f6k per \u00e5r.<\/p>\n\n\n\n<h2 class=\"wp-block-heading\"><mark style=\"background-color:rgba(0, 0, 0, 0)\" class=\"has-inline-color has-rehab-rd-1-color\">T\u00e4by Rehab Center \u2014 Nu och d\u00e5<\/mark><\/h2>\n\n\n\n<div class=\"wp-block-columns is-layout-flex wp-container-core-columns-is-layout-9d6595d7 wp-block-columns-is-layout-flex\">\n<div class=\"wp-block-column is-layout-flow wp-block-column-is-layout-flow\">\n<figure class=\"wp-block-image size-large\"><img loading=\"lazy\" decoding=\"async\" width=\"1024\" height=\"683\" src=\"https:\/\/www.rehab.se\/wp-content\/uploads\/2026\/02\/TannerydPhotography_251008_0195_webb-1024x683.jpg\" alt=\"\" class=\"wp-image-660\" srcset=\"https:\/\/www.rehab.se\/wp-content\/uploads\/2026\/02\/TannerydPhotography_251008_0195_webb-1024x683.jpg 1024w, https:\/\/www.rehab.se\/wp-content\/uploads\/2026\/02\/TannerydPhotography_251008_0195_webb-300x200.jpg 300w, https:\/\/www.rehab.se\/wp-content\/uploads\/2026\/02\/TannerydPhotography_251008_0195_webb-768x512.jpg 768w, https:\/\/www.rehab.se\/wp-content\/uploads\/2026\/02\/TannerydPhotography_251008_0195_webb.jpg 1500w\" sizes=\"auto, (max-width: 1024px) 100vw, 1024px\" \/><figcaption class=\"wp-element-caption\">T\u00e4by Rehab Center idag<\/figcaption><\/figure>\n<\/div>\n\n\n\n<div class=\"wp-block-column is-layout-flow wp-block-column-is-layout-flow\"><div class=\"wp-block-image\">\n<figure class=\"aligncenter size-large is-resized\"><img loading=\"lazy\" decoding=\"async\" width=\"1024\" height=\"768\" src=\"https:\/\/www.rehab.se\/wp-content\/uploads\/2026\/03\/DSC00007-1-1024x768.jpg\" alt=\"\" class=\"wp-image-784\" style=\"width:441px;height:auto\" srcset=\"https:\/\/www.rehab.se\/wp-content\/uploads\/2026\/03\/DSC00007-1-1024x768.jpg 1024w, https:\/\/www.rehab.se\/wp-content\/uploads\/2026\/03\/DSC00007-1-300x225.jpg 300w, https:\/\/www.rehab.se\/wp-content\/uploads\/2026\/03\/DSC00007-1-768x576.jpg 768w, https:\/\/www.rehab.se\/wp-content\/uploads\/2026\/03\/DSC00007-1-1536x1152.jpg 1536w, https:\/\/www.rehab.se\/wp-content\/uploads\/2026\/03\/DSC00007-1-2048x1536.jpg 2048w\" sizes=\"auto, (max-width: 1024px) 100vw, 1024px\" \/><figcaption class=\"wp-element-caption\">T\u00e4by Rehab Center 2009<\/figcaption><\/figure>\n<\/div><\/div>\n<\/div>\n","protected":false},"excerpt":{"rendered":"<p>T\u00e4by Rehab Center AB har erbjudit professionell rehabilitering och friskv\u00e5rd sedan&nbsp;1993. Vi specialiserar oss p\u00e5&nbsp;fysioterapi\/sjukgymnastik,&nbsp;kiropraktik&nbsp;och&nbsp;friskv\u00e5rd, inklusive gym och h\u00e4lsokurser som&nbsp;yoga. V\u00e5r historia 1993Bolaget bildas under namnet Thomas Kihlstr\u00f6ms Rehab Center, med Procurama som hel\u00e4gare. Verksamheten etableras i Varggropen i L\u00f6ttingelund och omfattar en naprapat samt tv\u00e5 sjukgymnaster. 1994Den 1 januari inf\u00f6rs fri etableringsr\u00e4tt f\u00f6r sjukgymnaster &#8230; <a title=\"Om oss\" class=\"read-more\" href=\"https:\/\/www.rehab.se\/om-oss\/\" aria-label=\"L\u00e4s mer om Om oss\">L\u00e4s mer<\/a><\/p>\n","protected":false},"author":1,"featured_media":0,"parent":0,"menu_order":0,"comment_status":"closed","ping_status":"closed","template":"","meta":{"footnotes":""},"class_list":["post-40","page","type-page","status-publish"],"_links":{"self":[{"href":"https:\/\/www.rehab.se\/wp-json\/wp\/v2\/pages\/40","targetHints":{"allow":["GET"]}}],"collection":[{"href":"https:\/\/www.rehab.se\/wp-json\/wp\/v2\/pages"}],"about":[{"href":"https:\/\/www.rehab.se\/wp-json\/wp\/v2\/types\/page"}],"author":[{"embeddable":true,"href":"https:\/\/www.rehab.se\/wp-json\/wp\/v2\/users\/1"}],"replies":[{"embeddable":true,"href":"https:\/\/www.rehab.se\/wp-json\/wp\/v2\/comments?post=40"}],"version-history":[{"count":11,"href":"https:\/\/www.rehab.se\/wp-json\/wp\/v2\/pages\/40\/revisions"}],"predecessor-version":[{"id":786,"href":"https:\/\/www.rehab.se\/wp-json\/wp\/v2\/pages\/40\/revisions\/786"}],"wp:attachment":[{"href":"https:\/\/www.rehab.se\/wp-json\/wp\/v2\/media?parent=40"}],"curies":[{"name":"wp","href":"https:\/\/api.w.org\/{rel}","templated":true}]}}