{"id":45,"date":"2025-07-04T11:39:45","date_gmt":"2025-07-04T09:39:45","guid":{"rendered":"https:\/\/www.rehab.se\/?page_id=45"},"modified":"2026-03-05T11:29:45","modified_gmt":"2026-03-05T10:29:45","slug":"kontakt","status":"publish","type":"page","link":"https:\/\/www.rehab.se\/kontakt\/","title":{"rendered":"Kontakt"},"content":{"rendered":"\n<h2 class=\"wp-block-heading\">Mina sidor<\/h2>\n\n\n\n<p>Logga in p\u00e5 <a href=\"https:\/\/catlog.se\/boka\/\">Mina sidor<\/a> f\u00f6r att <strong>boka, avboka, se dina bokade tider, betala\u00a0skickade\u00a0swishf\u00f6rfr\u00e5gningar eller se dina tr\u00e4ningsprogram<\/strong>. <br>D\u00e4r kan du \u00e4ven f\u00f6r-registrera din bil f\u00f6r parkering.\u00a0\u00a0<\/p>\n\n\n\n<h2 class=\"wp-block-heading\">Skicka ett meddelande<\/h2>\n\n\n<style id=\"wpforms-css-vars-645-block-296c82ef-21fc-4305-bc2a-233793345315\">\n\t\t\t\t#wpforms-645.wpforms-block-296c82ef-21fc-4305-bc2a-233793345315 {\n\t\t\t\t--wpforms-field-size-input-height: 43px;\n--wpforms-field-size-input-spacing: 15px;\n--wpforms-field-size-font-size: 16px;\n--wpforms-field-size-line-height: 19px;\n--wpforms-field-size-padding-h: 14px;\n--wpforms-field-size-checkbox-size: 16px;\n--wpforms-field-size-sublabel-spacing: 5px;\n--wpforms-field-size-icon-size: 1;\n--wpforms-label-size-font-size: 16px;\n--wpforms-label-size-line-height: 19px;\n--wpforms-label-size-sublabel-font-size: 14px;\n--wpforms-label-size-sublabel-line-height: 17px;\n--wpforms-button-size-font-size: 17px;\n--wpforms-button-size-height: 41px;\n--wpforms-button-size-padding-h: 15px;\n--wpforms-button-size-margin-top: 10px;\n\t\t\t}\n\t\t\t<\/style><div class=\"wpforms-container wpforms-container-full wpforms-block wpforms-block-296c82ef-21fc-4305-bc2a-233793345315 wpforms-render-modern\" id=\"wpforms-645\"><form id=\"wpforms-form-645\" class=\"wpforms-validate wpforms-form wpforms-ajax-form\" data-formid=\"645\" method=\"post\" enctype=\"multipart\/form-data\" action=\"\/index.php?rest_route=%2Fwp%2Fv2%2Fpages%2F45\" data-token=\"6bcb5392301acb996a8a08cfd195e366\" data-token-time=\"1776372317\"><noscript class=\"wpforms-error-noscript\">Aktivera JavaScript i din webbl\u00e4sare f\u00f6r att fylla i formul\u00e4ret.<\/noscript><div id=\"wpforms-error-noscript\" style=\"display: none;\">Aktivera JavaScript i din webbl\u00e4sare f\u00f6r att fylla i formul\u00e4ret.<\/div><div class=\"wpforms-field-container\"><div id=\"wpforms-645-field_4-container\" class=\"wpforms-field wpforms-field-radio\" data-field-id=\"4\"><fieldset><legend class=\"wpforms-field-label\">V\u00e4lj \u00e4mne nedan<\/legend><ul id=\"wpforms-645-field_4\"><li class=\"choice-1 depth-1\"><input type=\"radio\" id=\"wpforms-645-field_4_1\" name=\"wpforms[fields][4]\" value=\"Boka\/avboka tid\" aria-errormessage=\"wpforms-645-field_4_1-error\"  ><label class=\"wpforms-field-label-inline\" for=\"wpforms-645-field_4_1\">Boka\/avboka tid<\/label><\/li><li class=\"choice-2 depth-1\"><input type=\"radio\" id=\"wpforms-645-field_4_2\" name=\"wpforms[fields][4]\" value=\"\u00d6vrigt\" aria-errormessage=\"wpforms-645-field_4_2-error\"  ><label class=\"wpforms-field-label-inline\" for=\"wpforms-645-field_4_2\">\u00d6vrigt<\/label><\/li><\/ul><\/fieldset><\/div><div id=\"wpforms-645-field_1-container\" class=\"wpforms-field wpforms-field-name\" data-field-id=\"1\"><label class=\"wpforms-field-label\" for=\"wpforms-645-field_1\">Namn <span class=\"wpforms-required-label\" aria-hidden=\"true\">*<\/span><\/label><input type=\"text\" id=\"wpforms-645-field_1\" class=\"wpforms-field-medium wpforms-field-required\" name=\"wpforms[fields][1]\" aria-errormessage=\"wpforms-645-field_1-error\" required><\/div>\t\t<div id=\"wpforms-645-field_6-container\"\n\t\t\tclass=\"wpforms-field wpforms-field-text\"\n\t\t\tdata-field-type=\"text\"\n\t\t\tdata-field-id=\"6\"\n\t\t\t>\n\t\t\t<label class=\"wpforms-field-label\" for=\"wpforms-645-field_6\" >nedan Namn E-post<\/label>\n\t\t\t<input type=\"text\" id=\"wpforms-645-field_6\" class=\"wpforms-field-medium\" name=\"wpforms[fields][6]\" >\n\t\t<\/div>\n\t\t<div id=\"wpforms-645-field_2-container\" class=\"wpforms-field wpforms-field-email\" data-field-id=\"2\"><label class=\"wpforms-field-label\" for=\"wpforms-645-field_2\">E-post <span class=\"wpforms-required-label\" aria-hidden=\"true\">*<\/span><\/label><input type=\"email\" id=\"wpforms-645-field_2\" class=\"wpforms-field-medium wpforms-field-required\" name=\"wpforms[fields][2]\" spellcheck=\"false\" aria-errormessage=\"wpforms-645-field_2-error\" required><\/div><div id=\"wpforms-645-field_5-container\" class=\"wpforms-field wpforms-field-number\" data-field-id=\"5\"><label class=\"wpforms-field-label\" for=\"wpforms-645-field_5\">Telefonnummer <span class=\"wpforms-required-label\" aria-hidden=\"true\">*<\/span><\/label><input type=\"number\" id=\"wpforms-645-field_5\" class=\"wpforms-field-medium wpforms-field-required\" name=\"wpforms[fields][5]\" step=\"any\" aria-errormessage=\"wpforms-645-field_5-error\" required><\/div><div id=\"wpforms-645-field_3-container\" class=\"wpforms-field wpforms-field-textarea\" data-field-id=\"3\"><label class=\"wpforms-field-label\" for=\"wpforms-645-field_3\">Kommentar eller meddelande<\/label><textarea id=\"wpforms-645-field_3\" class=\"wpforms-field-medium\" name=\"wpforms[fields][3]\" aria-errormessage=\"wpforms-645-field_3-error\" ><\/textarea><\/div><script>\n\t\t\t\t( function() {\n\t\t\t\t\tconst style = document.createElement( 'style' );\n\t\t\t\t\tstyle.appendChild( document.createTextNode( '#wpforms-645-field_6-container { position: absolute !important; overflow: hidden !important; display: inline !important; height: 1px !important; width: 1px !important; z-index: -1000 !important; padding: 0 !important; } #wpforms-645-field_6-container input { visibility: hidden; } #wpforms-conversational-form-page #wpforms-645-field_6-container label { counter-increment: none; }' ) );\n\t\t\t\t\tdocument.head.appendChild( style );\n\t\t\t\t\tdocument.currentScript?.remove();\n\t\t\t\t} )();\n\t\t\t<\/script><\/div><!-- .wpforms-field-container --><div class=\"wpforms-submit-container\" ><input type=\"hidden\" name=\"wpforms[id]\" value=\"645\"><input type=\"hidden\" name=\"page_title\" value=\"\"><input type=\"hidden\" name=\"page_url\" value=\"https:\/\/www.rehab.se\/index.php?rest_route=\/wp\/v2\/pages\/45\"><input type=\"hidden\" name=\"url_referer\" value=\"\"><button type=\"submit\" name=\"wpforms[submit]\" id=\"wpforms-submit-645\" class=\"wpforms-submit\" data-alt-text=\"Skickar \u2026\" data-submit-text=\"Skicka\" aria-live=\"assertive\" value=\"wpforms-submit\">Skicka<\/button><img loading=\"lazy\" decoding=\"async\" src=\"https:\/\/www.rehab.se\/wp-content\/plugins\/wpforms-lite\/assets\/images\/submit-spin.svg\" class=\"wpforms-submit-spinner\" style=\"display: none;\" width=\"26\" height=\"26\" alt=\"Laddar\"><\/div><\/form><\/div>  <!-- .wpforms-container -->\n\n\n<p><strong>Avbokningsvillkor<\/strong><br>\u00c5terbud till fysioterapeut\/sjukgymnast\/terapeut skall l\u00e4mnas senast 24 timmar f\u00f6re bokad tid annars debiteras 400 kr eller g\u00e4llande avgift. Detta g\u00e4ller \u00e4ven vid innehav av frikort och under 18 \u00e5r eller \u00f6ver 85 \u00e5r, samt vid utebliven sms p\u00e5minnelse.&nbsp;&nbsp;<br><br>\u00c5terbud till massageterapeut\/kiropraktor skall l\u00e4mnas senast 24 timmar f\u00f6re bokad tid annars debiteras enligt <a href=\"https:\/\/www.rehab.se\/?page_id=194\">prislista<\/a>.<\/p>\n\n\n\n<figure class=\"wp-block-image size-full\"><img loading=\"lazy\" decoding=\"async\" width=\"300\" height=\"77\" src=\"https:\/\/www.rehab.se\/wp-content\/uploads\/2025\/07\/1613729409-8a53317d3563092755be67c1102cb53c-300x77-1.png\" alt=\"\" class=\"wp-image-204\"\/><\/figure>\n\n\n\n<hr class=\"wp-block-separator has-alpha-channel-opacity\"\/>\n\n\n\n<h2 class=\"wp-block-heading\">Prata med oss<\/h2>\n\n\n\n<p>Om du har fr\u00e5gor eller funderingar \u00e4r du varmt v\u00e4lkommen att ringa <strong><mark style=\"background-color:rgba(0, 0, 0, 0)\" class=\"has-inline-color has-rehab-rd-1-color\">08 \u2013 732 84 55<\/mark><\/strong> eller maila <a href=\"mailto:info@rehab.se\"><strong>info@rehab.se<\/strong><\/a> (<em>Obs mejla ej personuppgifter<\/em>). <br>Du kan \u00e4ven komma in till oss och prata. Vi hj\u00e4lper dig g\u00e4rna p\u00e5 plats!<\/p>\n\n\n<ul class=\"wp-block-latest-posts__list is-grid columns-3 utan-rubrik wp-block-latest-posts\"><li><a class=\"wp-block-latest-posts__post-title\" href=\"https:\/\/www.rehab.se\/tina-wester-thulin\/\">Tina Wester Thulin<\/a><div class=\"wp-block-latest-posts__post-full-content\"><!-- wp:image {\"id\":516,\"aspectRatio\":\"1\",\"scale\":\"cover\",\"sizeSlug\":\"thumbnail\",\"linkDestination\":\"none\",\"align\":\"center\",\"className\":\"is-style-rounded\"} -->\n<figure class=\"wp-block-image aligncenter size-thumbnail is-style-rounded\"><img loading=\"lazy\" decoding=\"async\" width=\"150\" height=\"150\" src=\"https:\/\/www.rehab.se\/wp-content\/uploads\/2026\/02\/Fyrkantiga-bilder-till-hemsidan-2-150x150.jpg\" alt=\"\" class=\"wp-image-516\" style=\"aspect-ratio:1;object-fit:cover\" srcset=\"https:\/\/www.rehab.se\/wp-content\/uploads\/2026\/02\/Fyrkantiga-bilder-till-hemsidan-2-150x150.jpg 150w, https:\/\/www.rehab.se\/wp-content\/uploads\/2026\/02\/Fyrkantiga-bilder-till-hemsidan-2-300x300.jpg 300w, https:\/\/www.rehab.se\/wp-content\/uploads\/2026\/02\/Fyrkantiga-bilder-till-hemsidan-2-768x768.jpg 768w, https:\/\/www.rehab.se\/wp-content\/uploads\/2026\/02\/Fyrkantiga-bilder-till-hemsidan-2.jpg 944w\" sizes=\"auto, (max-width: 150px) 100vw, 150px\" \/><\/figure>\n<!-- \/wp:image -->\n\n<!-- wp:heading {\"textAlign\":\"center\",\"level\":3} -->\n<h3 class=\"wp-block-heading has-text-align-center\">Tina Wester Thulin<\/h3>\n<!-- \/wp:heading -->\n\n<!-- wp:paragraph {\"align\":\"center\"} -->\n<p class=\"has-text-align-center\">Reception<\/p>\n<!-- \/wp:paragraph -->\n\n<!-- wp:paragraph -->\n<p><\/p>\n<!-- \/wp:paragraph --><\/div><\/li>\n<li><a class=\"wp-block-latest-posts__post-title\" href=\"https:\/\/www.rehab.se\/pernilla-akerberg\/\">Pernilla \u00c5kerberg<\/a><div class=\"wp-block-latest-posts__post-full-content\"><!-- wp:image {\"id\":517,\"aspectRatio\":\"1\",\"scale\":\"cover\",\"sizeSlug\":\"thumbnail\",\"linkDestination\":\"none\",\"align\":\"center\",\"className\":\"is-style-rounded\"} -->\n<figure class=\"wp-block-image aligncenter size-thumbnail is-style-rounded\"><img loading=\"lazy\" decoding=\"async\" width=\"150\" height=\"150\" src=\"https:\/\/www.rehab.se\/wp-content\/uploads\/2026\/02\/Fyrkantiga-bilder-till-hemsidan-3-150x150.jpg\" alt=\"\" class=\"wp-image-517\" style=\"aspect-ratio:1;object-fit:cover\" srcset=\"https:\/\/www.rehab.se\/wp-content\/uploads\/2026\/02\/Fyrkantiga-bilder-till-hemsidan-3-150x150.jpg 150w, https:\/\/www.rehab.se\/wp-content\/uploads\/2026\/02\/Fyrkantiga-bilder-till-hemsidan-3-300x300.jpg 300w, https:\/\/www.rehab.se\/wp-content\/uploads\/2026\/02\/Fyrkantiga-bilder-till-hemsidan-3-768x768.jpg 768w, https:\/\/www.rehab.se\/wp-content\/uploads\/2026\/02\/Fyrkantiga-bilder-till-hemsidan-3.jpg 944w\" sizes=\"auto, (max-width: 150px) 100vw, 150px\" \/><\/figure>\n<!-- \/wp:image -->\n\n<!-- wp:heading {\"textAlign\":\"center\",\"level\":3} -->\n<h3 class=\"wp-block-heading has-text-align-center\">Pernilla \u00c5kerberg<\/h3>\n<!-- \/wp:heading -->\n\n<!-- wp:paragraph {\"align\":\"center\"} -->\n<p class=\"has-text-align-center\">Reception<\/p>\n<!-- \/wp:paragraph -->\n\n<!-- wp:paragraph -->\n<p><\/p>\n<!-- \/wp:paragraph --><\/div><\/li>\n<li><a class=\"wp-block-latest-posts__post-title\" href=\"https:\/\/www.rehab.se\/malin-kardevall-2\/\">Malin Kardevall<\/a><div class=\"wp-block-latest-posts__post-full-content\"><!-- wp:image {\"id\":518,\"aspectRatio\":\"1\",\"scale\":\"cover\",\"sizeSlug\":\"thumbnail\",\"linkDestination\":\"none\",\"align\":\"center\",\"className\":\"is-style-rounded\"} -->\n<figure class=\"wp-block-image aligncenter size-thumbnail is-style-rounded\"><img loading=\"lazy\" decoding=\"async\" width=\"150\" height=\"150\" src=\"https:\/\/www.rehab.se\/wp-content\/uploads\/2026\/02\/Fyrkantiga-bilder-till-hemsidan-150x150.jpg\" alt=\"\" class=\"wp-image-518\" style=\"aspect-ratio:1;object-fit:cover\" srcset=\"https:\/\/www.rehab.se\/wp-content\/uploads\/2026\/02\/Fyrkantiga-bilder-till-hemsidan-150x150.jpg 150w, https:\/\/www.rehab.se\/wp-content\/uploads\/2026\/02\/Fyrkantiga-bilder-till-hemsidan-300x300.jpg 300w, https:\/\/www.rehab.se\/wp-content\/uploads\/2026\/02\/Fyrkantiga-bilder-till-hemsidan-768x768.jpg 768w, https:\/\/www.rehab.se\/wp-content\/uploads\/2026\/02\/Fyrkantiga-bilder-till-hemsidan.jpg 944w\" sizes=\"auto, (max-width: 150px) 100vw, 150px\" \/><\/figure>\n<!-- \/wp:image -->\n\n<!-- wp:heading {\"textAlign\":\"center\",\"level\":3} -->\n<h3 class=\"wp-block-heading has-text-align-center\">Malin Kardevall<\/h3>\n<!-- \/wp:heading -->\n\n<!-- wp:paragraph {\"align\":\"center\"} -->\n<p class=\"has-text-align-center\">Reception<\/p>\n<!-- \/wp:paragraph --><\/div><\/li>\n<li><a class=\"wp-block-latest-posts__post-title\" href=\"https:\/\/www.rehab.se\/cickie-bjork\/\">Cickie Bj\u00f6rk<\/a><div class=\"wp-block-latest-posts__post-full-content\"><!-- wp:heading {\"textAlign\":\"center\",\"level\":3} -->\n<h3 class=\"wp-block-heading has-text-align-center\">Cickie Bj\u00f6rk<\/h3>\n<!-- \/wp:heading -->\n\n<!-- wp:paragraph {\"align\":\"center\"} -->\n<p class=\"has-text-align-center\">Reception<\/p>\n<!-- \/wp:paragraph --><\/div><\/li>\n<li><a class=\"wp-block-latest-posts__post-title\" href=\"https:\/\/www.rehab.se\/helene-schutt\/\">Helene Sch\u00fctt<\/a><div class=\"wp-block-latest-posts__post-full-content\"><!-- wp:heading {\"textAlign\":\"center\",\"level\":3} -->\n<h3 class=\"wp-block-heading has-text-align-center\">Helene Sch\u00fctt<\/h3>\n<!-- \/wp:heading -->\n\n<!-- wp:paragraph {\"align\":\"center\"} -->\n<p class=\"has-text-align-center\">Reception<\/p>\n<!-- \/wp:paragraph --><\/div><\/li>\n<li><a class=\"wp-block-latest-posts__post-title\" href=\"https:\/\/www.rehab.se\/sofia-soderberg\/\">Sofia S\u00f6derberg<\/a><div class=\"wp-block-latest-posts__post-full-content\"><!-- wp:heading {\"textAlign\":\"center\",\"level\":3} -->\n<h3 class=\"wp-block-heading has-text-align-center\">Sofia S\u00f6derberg<\/h3>\n<!-- \/wp:heading -->\n\n<!-- wp:paragraph {\"align\":\"center\"} -->\n<p class=\"has-text-align-center\">Reception<\/p>\n<!-- \/wp:paragraph --><\/div><\/li>\n<\/ul>\n\n\n<div class=\"wp-block-columns is-layout-flex wp-container-core-columns-is-layout-9d6595d7 wp-block-columns-is-layout-flex\">\n<div class=\"wp-block-column is-layout-flow wp-block-column-is-layout-flow\">\n<p class=\"has-text-align-left\"><strong>Bemannade \u00f6ppettider<br><\/strong>M\u00e5ndag-Torsdag: 07.00-18.30<br>Fredag: 07.00-17.00<\/p>\n\n\n\n<p class=\"has-text-align-left\">Nyckelgym: alla dagar 05.00-23.00<\/p>\n\n\n\n<p class=\"has-text-align-left\"><strong>Avvikande \u00f6ppettider<\/strong><br><em>Dag f\u00f6re r\u00f6d dag st\u00e4nger vi tidigare och har st\u00e4ngt r\u00f6da dagar. <\/em><br><em>Du som har tillg\u00e5ng till nyckelgymmet kan fortfarande komma och tr\u00e4na hos oss som vanligt.<\/em><\/p>\n<\/div>\n<\/div>\n\n\n\n<hr class=\"wp-block-separator has-alpha-channel-opacity\"\/>\n\n\n\n<h2 class=\"wp-block-heading\">Hitta hit<\/h2>\n\n\n\n<div class=\"wp-block-columns is-layout-flex wp-container-core-columns-is-layout-9d6595d7 wp-block-columns-is-layout-flex\">\n<div class=\"wp-block-column is-layout-flow wp-block-column-is-layout-flow\" style=\"flex-basis:33.33%\">\n<p><strong>Bes\u00f6ksadress<\/strong><br>Kemistv\u00e4gen 1A<br>183 79 T\u00e4by<\/p>\n\n\n\n<p>T\u00e4by Rehab Center ligger i samma byggnad som T\u00e4by Enskilda Gymnasium, en stor tegelbyggnad mitt emot Circle K.<br><br><strong>Kommunal resv\u00e4g<\/strong><br>N\u00e4rmaste buss\/t\u00e5g h\u00e5llplatser \u00e4r Galoppf\u00e4ltet (t\u00e5g) och Kemistv\u00e4gen\/Galoppf\u00e4ltet (buss).&nbsp; S\u00f6k upp din resv\u00e4g hit p\u00e5 <a href=\"http:\/\/www.sl.se\/\">www.sl.se<\/a>. Det \u00e4r mellan 500 till 300 meters g\u00e5ngavst\u00e5nd till T\u00e4by Rehab Center fr\u00e5n h\u00e5llplatserna.<\/p>\n\n\n\n<p><strong>Parkering<\/strong><br>Fri parkering i 3 timmar n\u00e4r du har registrerat ditt bes\u00f6k och din bil hos oss och parkera p\u00e5 markerade platser inom hela omr\u00e5det innanf\u00f6r staketet.&nbsp;<br><br>Fri parkering finns \u00e4ven p\u00e5 infartsparkeringen vid T\u00e4by Park.&nbsp;<br><br>Du kan ocks\u00e5 st\u00e5 p\u00e5 Kemistv\u00e4gen 1B eller Kemistv\u00e4gen 5, 8 eller 30-32 mot betalning till Easy Park. Eller Stora Marknadsv\u00e4gen 297 eller 273 mot betalning till Aimo Park.<\/p>\n<\/div>\n\n\n\n<div class=\"wp-block-column is-vertically-aligned-center is-layout-flow wp-block-column-is-layout-flow\" style=\"flex-basis:66.66%\">\n<iframe src=\"https:\/\/www.google.com\/maps\/embed?pb=!1m18!1m12!1m3!1d2028.0914465084861!2d18.081822377076534!3d59.44822637467214!2m3!1f0!2f0!3f0!3m2!1i1024!2i768!4f13.1!3m3!1m2!1s0x465f9ba3441550a7%3A0xbcefc6f6e1b5199!2sT%C3%A4by%20Rehab%20Center!5e0!3m2!1ssv!2sse!4v1751898962966!5m2!1ssv!2sse\" width=\"600\" height=\"450\" style=\"border:0;\" allowfullscreen=\"\" loading=\"lazy\" referrerpolicy=\"no-referrer-when-downgrade\"><\/iframe>\n<\/div>\n<\/div>\n\n\n\n<hr class=\"wp-block-separator has-alpha-channel-opacity\"\/>\n\n\n\n<h2 class=\"wp-block-heading\">\u00c4r du inte \u00e4r n\u00f6jd med v\u00e5rden?<\/h2>\n\n\n\n<p>Du kan l\u00e4mna synpunkter eller klagom\u00e5l om du har varit med om n\u00e5got inom v\u00e5rden som du inte \u00e4r n\u00f6jd med.<br>Det kan du g\u00f6ra b\u00e5de som patient och n\u00e4rst\u00e5ende. Dina synpunkter kan bidra till att v\u00e5rden blir b\u00e4ttre och s\u00e4krare.<\/p>\n\n\n\n<p>G\u00e5 in p\u00e5 l\u00e4nken f\u00f6r mer information.<br><a href=\"https:\/\/www.1177.se\/Stockholm\/sa-fungerar-varden\/om-du-inte-ar-nojd\/om-du-inte-ar-nojd-med-varden\/\">https:\/\/www.1177.se\/Stockholm\/sa-fungerar-varden\/om-du-inte-ar-nojd\/om-du-inte-ar-nojd-med-varden\/<\/a><\/p>\n","protected":false},"excerpt":{"rendered":"<p>Mina sidor Logga in p\u00e5 Mina sidor f\u00f6r att boka, avboka, se dina bokade tider, betala\u00a0skickade\u00a0swishf\u00f6rfr\u00e5gningar eller se dina tr\u00e4ningsprogram. D\u00e4r kan du \u00e4ven f\u00f6r-registrera din bil f\u00f6r parkering.\u00a0\u00a0 Skicka ett meddelande Avbokningsvillkor\u00c5terbud till fysioterapeut\/sjukgymnast\/terapeut skall l\u00e4mnas senast 24 timmar f\u00f6re bokad tid annars debiteras 400 kr eller g\u00e4llande avgift. Detta g\u00e4ller \u00e4ven vid innehav &#8230; <a title=\"Kontakt\" class=\"read-more\" href=\"https:\/\/www.rehab.se\/kontakt\/\" aria-label=\"L\u00e4s mer om Kontakt\">L\u00e4s mer<\/a><\/p>\n","protected":false},"author":1,"featured_media":0,"parent":0,"menu_order":0,"comment_status":"closed","ping_status":"closed","template":"","meta":{"footnotes":""},"class_list":["post-45","page","type-page","status-publish"],"_links":{"self":[{"href":"https:\/\/www.rehab.se\/wp-json\/wp\/v2\/pages\/45","targetHints":{"allow":["GET"]}}],"collection":[{"href":"https:\/\/www.rehab.se\/wp-json\/wp\/v2\/pages"}],"about":[{"href":"https:\/\/www.rehab.se\/wp-json\/wp\/v2\/types\/page"}],"author":[{"embeddable":true,"href":"https:\/\/www.rehab.se\/wp-json\/wp\/v2\/users\/1"}],"replies":[{"embeddable":true,"href":"https:\/\/www.rehab.se\/wp-json\/wp\/v2\/comments?post=45"}],"version-history":[{"count":26,"href":"https:\/\/www.rehab.se\/wp-json\/wp\/v2\/pages\/45\/revisions"}],"predecessor-version":[{"id":779,"href":"https:\/\/www.rehab.se\/wp-json\/wp\/v2\/pages\/45\/revisions\/779"}],"wp:attachment":[{"href":"https:\/\/www.rehab.se\/wp-json\/wp\/v2\/media?parent=45"}],"curies":[{"name":"wp","href":"https:\/\/api.w.org\/{rel}","templated":true}]}}