{"id":60,"date":"2025-07-04T11:57:34","date_gmt":"2025-07-04T09:57:34","guid":{"rendered":"https:\/\/www.rehab.se\/?page_id=60"},"modified":"2026-03-10T15:20:36","modified_gmt":"2026-03-10T14:20:36","slug":"kiropraktik","status":"publish","type":"page","link":"https:\/\/www.rehab.se\/kiropraktik\/","title":{"rendered":"Kiropraktik p\u00e5 T\u00e4by Rehab Center"},"content":{"rendered":"\n<figure class=\"wp-block-image size-full\"><img loading=\"lazy\" decoding=\"async\" width=\"1000\" height=\"1500\" src=\"https:\/\/www.rehab.se\/wp-content\/uploads\/2026\/02\/TannerydPhotography_251008_0831_webb.jpg\" alt=\"\" class=\"wp-image-678\" style=\"aspect-ratio:16\/9;object-fit:cover\" srcset=\"https:\/\/www.rehab.se\/wp-content\/uploads\/2026\/02\/TannerydPhotography_251008_0831_webb.jpg 1000w, https:\/\/www.rehab.se\/wp-content\/uploads\/2026\/02\/TannerydPhotography_251008_0831_webb-200x300.jpg 200w, https:\/\/www.rehab.se\/wp-content\/uploads\/2026\/02\/TannerydPhotography_251008_0831_webb-683x1024.jpg 683w, https:\/\/www.rehab.se\/wp-content\/uploads\/2026\/02\/TannerydPhotography_251008_0831_webb-768x1152.jpg 768w\" sizes=\"auto, (max-width: 1000px) 100vw, 1000px\" \/><\/figure>\n\n\n\n<h2 class=\"wp-block-heading\">Vad \u00e4r kiropraktik?<\/h2>\n\n\n\n<p>Kiropraktik handlar om att unders\u00f6ka, diagnostisera och behandla besv\u00e4r i r\u00f6relseapparaten. S\u00e4rskilt fr\u00e5n ryggrad, leder och muskler. En kiropraktor arbetar med att \u00e5terst\u00e4lla r\u00f6rlighet, minska sm\u00e4rta och f\u00f6rb\u00e4ttra kroppens funktion, ofta genom justeringar och andra manuella tekniker.<\/p>\n\n\n\n<p>Behandlingen utg\u00e5r alltid fr\u00e5n en noggrann bed\u00f6mning och anpassas efter dina individuella behov. Kiropraktik kan vara effektivt vid exempelvis ryggont, nacksp\u00e4rr, huvudv\u00e4rk eller ischiasbesv\u00e4r.<\/p>\n\n\n\n<div class=\"wp-block-buttons is-content-justification-left is-layout-flex wp-container-core-buttons-is-layout-fdcfc74e wp-block-buttons-is-layout-flex\">\n<div class=\"wp-block-button\"><a class=\"wp-block-button__link has-medium-font-size has-text-align-center has-custom-font-size wp-element-button\" href=\"https:\/\/catlog.se\/boka\/\" style=\"border-radius:4px\" target=\"_blank\" rel=\"noreferrer noopener\">Boka tid<\/a><\/div>\n<\/div>\n\n\n\n<div style=\"height:30px\" aria-hidden=\"true\" class=\"wp-block-spacer\"><\/div>\n\n\n\n<p>Hos oss f\u00e5r du tr\u00e4ffa <strong>Patrik Podlipny,<\/strong> en legitimerade kiropraktor med l\u00e5ng erfarenhet och stort engagemang i din h\u00e4lsa. <br><br>Bes\u00f6ket kostar 695 kr och ing\u00e5r inte i landsting taxan.<\/p>\n\n\n\n<h2 class=\"wp-block-heading\">Om <strong>Patrik Podlipny<\/strong><\/h2>\n\n\n\n<figure class=\"wp-block-image size-medium is-style-rounded\"><img loading=\"lazy\" decoding=\"async\" width=\"300\" height=\"300\" src=\"https:\/\/www.rehab.se\/wp-content\/uploads\/2026\/02\/Fyrkantiga-bilder-till-hemsidan-18-300x300.jpg\" alt=\"\" class=\"wp-image-539\" srcset=\"https:\/\/www.rehab.se\/wp-content\/uploads\/2026\/02\/Fyrkantiga-bilder-till-hemsidan-18-300x300.jpg 300w, https:\/\/www.rehab.se\/wp-content\/uploads\/2026\/02\/Fyrkantiga-bilder-till-hemsidan-18-150x150.jpg 150w, https:\/\/www.rehab.se\/wp-content\/uploads\/2026\/02\/Fyrkantiga-bilder-till-hemsidan-18-768x768.jpg 768w, https:\/\/www.rehab.se\/wp-content\/uploads\/2026\/02\/Fyrkantiga-bilder-till-hemsidan-18.jpg 944w\" sizes=\"auto, (max-width: 300px) 100vw, 300px\" \/><\/figure>\n\n\n\n<p><strong>Fokusomr\u00e5den: <\/strong>Manuell behandling, rehabiliteringstr\u00e4ning, patienter med l\u00e5ngvarig sm\u00e4rta, manipulationsbehandling.<\/p>\n\n\n\n<p>Patrik Podlipny \u00e4r legitimerad kiropraktor och \u00e4r en av tv\u00e5 grundare till Winback AB tillsammans med Joakim Hugo. Sedan starten 2011 har Winback erbjudit evidensbaserad v\u00e5rd inom kiropraktik, naprapati och fysioterapi samt bedrivit utbildningsverksamhet f\u00f6r legitimerad v\u00e5rdpersonal. P\u00e5 Winback finns&nbsp; stor kunskap inom manipulationsbehandling men \u00e4ven fokus p\u00e5 den aktiva patienten. Prim\u00e4rt har inriktningen varit p\u00e5 privat sjukv\u00e5rdsf\u00f6rs\u00e4kring, utbildningsverksamhet och privat v\u00e5rd men Winback har \u00e4ven under flera \u00e5r bemannat olika prim\u00e4rv\u00e5rdsenheter i Storstockholm med h\u00f6gkompetenta kiropraktorer.&nbsp;<\/p>\n\n\n\n<p>Patrik har under sin karri\u00e4r kontinuerligt fortbildat sig inom s\u00e5v\u00e4l manuell behandling som rehabiliteringstr\u00e4ning och ett mer komplext omh\u00e4ndertagande av patienter med l\u00e5ngvarig sm\u00e4rta. Hans absoluta specialitet \u00e4r dock den manuella behandlingen med fokus p\u00e5 manipulationsbehandling, som \u00e4r den kiropraktiska grunden. Han har l\u00e5ng erfarenhet av att m\u00f6ta patienter inom allt fr\u00e5n h\u00f6gpresterande idrottsaktiva till de med l\u00e5ngvarig sm\u00e4rtproblematik. Patrik har \u00e4ven varit delaktig i framtagandet och genomf\u00f6randet av de kurser inom manipulationsbehandling som Winback kontinuerligt h\u00e5llit sedan 2013. Patrik \u00e4r \u00e4ven en omtyckt personlig tr\u00e4nare som kan guida dig tryggt mot dina m\u00e5l i gymmet.<br><\/p>\n","protected":false},"excerpt":{"rendered":"<p>Vad \u00e4r kiropraktik? Kiropraktik handlar om att unders\u00f6ka, diagnostisera och behandla besv\u00e4r i r\u00f6relseapparaten. S\u00e4rskilt fr\u00e5n ryggrad, leder och muskler. En kiropraktor arbetar med att \u00e5terst\u00e4lla r\u00f6rlighet, minska sm\u00e4rta och f\u00f6rb\u00e4ttra kroppens funktion, ofta genom justeringar och andra manuella tekniker. Behandlingen utg\u00e5r alltid fr\u00e5n en noggrann bed\u00f6mning och anpassas efter dina individuella behov. Kiropraktik kan &#8230; <a title=\"Kiropraktik p\u00e5 T\u00e4by Rehab Center\" class=\"read-more\" href=\"https:\/\/www.rehab.se\/kiropraktik\/\" aria-label=\"L\u00e4s mer om Kiropraktik p\u00e5 T\u00e4by Rehab Center\">L\u00e4s mer<\/a><\/p>\n","protected":false},"author":1,"featured_media":0,"parent":0,"menu_order":0,"comment_status":"closed","ping_status":"closed","template":"","meta":{"footnotes":""},"class_list":["post-60","page","type-page","status-publish"],"_links":{"self":[{"href":"https:\/\/www.rehab.se\/wp-json\/wp\/v2\/pages\/60","targetHints":{"allow":["GET"]}}],"collection":[{"href":"https:\/\/www.rehab.se\/wp-json\/wp\/v2\/pages"}],"about":[{"href":"https:\/\/www.rehab.se\/wp-json\/wp\/v2\/types\/page"}],"author":[{"embeddable":true,"href":"https:\/\/www.rehab.se\/wp-json\/wp\/v2\/users\/1"}],"replies":[{"embeddable":true,"href":"https:\/\/www.rehab.se\/wp-json\/wp\/v2\/comments?post=60"}],"version-history":[{"count":12,"href":"https:\/\/www.rehab.se\/wp-json\/wp\/v2\/pages\/60\/revisions"}],"predecessor-version":[{"id":839,"href":"https:\/\/www.rehab.se\/wp-json\/wp\/v2\/pages\/60\/revisions\/839"}],"wp:attachment":[{"href":"https:\/\/www.rehab.se\/wp-json\/wp\/v2\/media?parent=60"}],"curies":[{"name":"wp","href":"https:\/\/api.w.org\/{rel}","templated":true}]}}