{"id":73,"date":"2025-07-04T12:09:00","date_gmt":"2025-07-04T10:09:00","guid":{"rendered":"https:\/\/www.rehab.se\/?page_id=73"},"modified":"2026-03-13T16:23:44","modified_gmt":"2026-03-13T15:23:44","slug":"jobba-hos-oss","status":"publish","type":"page","link":"https:\/\/www.rehab.se\/jobba-hos-oss\/","title":{"rendered":"Jobba hos oss"},"content":{"rendered":"\n<p><strong>Vill du bli en del av ett erfaret och engagerat team som varje dag arbetar f\u00f6r att f\u00f6rb\u00e4ttra m\u00e4nniskors livskvalitet?<\/strong> <br>D\u00e5 kan T\u00e4by Rehab Center vara r\u00e4tt plats f\u00f6r dig.<\/p>\n\n\n\n<h3 class=\"wp-block-heading\">T\u00e4by Rehab Center som arbetsplats<\/h3>\n\n\n\n<p>T\u00e4by Rehab Center \u00e4r en v\u00e4letablerad verksamhet i hj\u00e4rtat av T\u00e4by med \u00f6ver 30 \u00e5rs erfarenhet av rehabilitering och friskv\u00e5rd. Vi \u00e4r en sammansvetsad arbetsgrupp med olika professioner som tillsammans erbjuder individanpassad v\u00e5rd i en trygg och v\u00e4lkomnande milj\u00f6.<\/p>\n\n\n\n<p>Vi v\u00e4rdes\u00e4tter n\u00e4ra samarbeten, respekt f\u00f6r varandras kompetens och ett \u00f6ppet arbetsklimat d\u00e4r id\u00e9er f\u00e5r ta plats. Hos oss blir du en viktig del av ett team d\u00e4r kvalitet, engagemang och omtanke genomsyrar allt vi g\u00f6r.<\/p>\n\n\n\n<h3 class=\"wp-block-heading\">Vad vi erbjuder<\/h3>\n\n\n\n<p>Att arbeta hos oss inneb\u00e4r att vara en del av en flexibel och dynamisk verksamhet med b\u00e5de bredd och djup. Vi erbjuder bland annat:<\/p>\n\n\n\n<ul class=\"wp-block-list\">\n<li>Eget mottagningsrum<\/li>\n\n\n\n<li>M\u00f6jlighet till sj\u00e4lvst\u00e4ndigt arbete i en st\u00f6ttande milj\u00f6<\/li>\n\n\n\n<li>Tillg\u00e5ng till en stor och v\u00e4lutrustad tr\u00e4ningslokal<\/li>\n<\/ul>\n\n\n\n<h3 class=\"wp-block-heading\">Vem vi s\u00f6ker<\/h3>\n\n\n\n<p>Vi s\u00f6ker dig som \u00e4r Specialiserad fysioterapeut, Certifikat utf\u00e4rdat av Fysioterapeuterna, inom l\u00e4mpligt omr\u00e5de och som brinner f\u00f6r att arbeta med m\u00e4nniskor och folkh\u00e4lsa. Du \u00e4r trygg i din yrkesroll, har ett gott bem\u00f6tande och uppskattar ett arbete d\u00e4r du f\u00e5r b\u00e5de ansvar och frihet.<\/p>\n\n\n\n<div class=\"wp-block-group has-global-color-5-color has-rehab-rd-1-background-color has-text-color has-background has-link-color wp-elements-50a383dfecf011afb44ef4db57d618fd\"><div class=\"wp-block-group__inner-container is-layout-constrained wp-block-group-is-layout-constrained\">\n<h2 class=\"wp-block-heading\">Lediga tj\u00e4nster<\/h2>\n\n\n<ul class=\"wp-block-latest-posts__list is-grid columns-3 wp-block-latest-posts\"><li><a class=\"wp-block-latest-posts__post-title\" href=\"https:\/\/www.rehab.se\/ledig-tjanst-fysioterapeut\/\">Fysioterapeut<\/a><div class=\"wp-block-latest-posts__post-excerpt\">Vi s\u00f6ker dig som vill arbeta p\u00e5 en av Stockholms st\u00f6rsta och mest v\u00e4letablerade rehabkliniker. Vi v\u00e4nder &#8230; <a title=\"Fysioterapeut\" class=\"read-more\" href=\"https:\/\/www.rehab.se\/ledig-tjanst-fysioterapeut\/\" aria-label=\"L\u00e4s mer om Fysioterapeut\">L\u00e4s mer<\/a><\/div><\/li>\n<\/ul><\/div><\/div>\n\n\n\n<h2 class=\"wp-block-heading\">Vi tar \u00e4ven g\u00e4rna emot spontanans\u00f6kningar! <\/h2>\n\n\n\n<p>\u00c4r du nyfiken p\u00e5 hur det \u00e4r att jobba hos oss, eller vill skicka in en ans\u00f6kan? V\u00e4lkommen att skicka intresseanm\u00e4lan till\u00a0<a href=\"mailto:Sofia@rehab.se\">Sofia@rehab.se<\/a><\/p>\n\n\n\n<p>Vi ser fram emot att h\u00f6ra fr\u00e5n dig!<\/p>\n\n\n\n<p><\/p>\n","protected":false},"excerpt":{"rendered":"<p>Vill du bli en del av ett erfaret och engagerat team som varje dag arbetar f\u00f6r att f\u00f6rb\u00e4ttra m\u00e4nniskors livskvalitet? D\u00e5 kan T\u00e4by Rehab Center vara r\u00e4tt plats f\u00f6r dig. T\u00e4by Rehab Center som arbetsplats T\u00e4by Rehab Center \u00e4r en v\u00e4letablerad verksamhet i hj\u00e4rtat av T\u00e4by med \u00f6ver 30 \u00e5rs erfarenhet av rehabilitering och friskv\u00e5rd. &#8230; <a title=\"Jobba hos oss\" class=\"read-more\" href=\"https:\/\/www.rehab.se\/jobba-hos-oss\/\" aria-label=\"L\u00e4s mer om Jobba hos oss\">L\u00e4s mer<\/a><\/p>\n","protected":false},"author":1,"featured_media":0,"parent":0,"menu_order":0,"comment_status":"closed","ping_status":"closed","template":"","meta":{"footnotes":""},"class_list":["post-73","page","type-page","status-publish"],"_links":{"self":[{"href":"https:\/\/www.rehab.se\/wp-json\/wp\/v2\/pages\/73","targetHints":{"allow":["GET"]}}],"collection":[{"href":"https:\/\/www.rehab.se\/wp-json\/wp\/v2\/pages"}],"about":[{"href":"https:\/\/www.rehab.se\/wp-json\/wp\/v2\/types\/page"}],"author":[{"embeddable":true,"href":"https:\/\/www.rehab.se\/wp-json\/wp\/v2\/users\/1"}],"replies":[{"embeddable":true,"href":"https:\/\/www.rehab.se\/wp-json\/wp\/v2\/comments?post=73"}],"version-history":[{"count":11,"href":"https:\/\/www.rehab.se\/wp-json\/wp\/v2\/pages\/73\/revisions"}],"predecessor-version":[{"id":877,"href":"https:\/\/www.rehab.se\/wp-json\/wp\/v2\/pages\/73\/revisions\/877"}],"wp:attachment":[{"href":"https:\/\/www.rehab.se\/wp-json\/wp\/v2\/media?parent=73"}],"curies":[{"name":"wp","href":"https:\/\/api.w.org\/{rel}","templated":true}]}}