{"id":88,"date":"2025-07-04T14:21:46","date_gmt":"2025-07-04T12:21:46","guid":{"rendered":"https:\/\/www.rehab.se\/?page_id=88"},"modified":"2026-03-13T09:09:57","modified_gmt":"2026-03-13T08:09:57","slug":"taby-rehab-center","status":"publish","type":"page","link":"https:\/\/www.rehab.se\/","title":{"rendered":"T\u00e4by Rehab Center"},"content":{"rendered":"\n<div class=\"wp-block-cover alignwide\" style=\"min-height:526px;aspect-ratio:unset;\"><img loading=\"lazy\" decoding=\"async\" width=\"1024\" height=\"683\" class=\"wp-block-cover__image-background wp-image-657 size-large\" alt=\"\" src=\"https:\/\/www.rehab.se\/wp-content\/uploads\/2026\/02\/TannerydPhotography_251008_0128_webb-1024x683.jpg\" style=\"object-position:50% 53%\" data-object-fit=\"cover\" data-object-position=\"50% 53%\" srcset=\"https:\/\/www.rehab.se\/wp-content\/uploads\/2026\/02\/TannerydPhotography_251008_0128_webb-1024x683.jpg 1024w, https:\/\/www.rehab.se\/wp-content\/uploads\/2026\/02\/TannerydPhotography_251008_0128_webb-300x200.jpg 300w, https:\/\/www.rehab.se\/wp-content\/uploads\/2026\/02\/TannerydPhotography_251008_0128_webb-768x512.jpg 768w, https:\/\/www.rehab.se\/wp-content\/uploads\/2026\/02\/TannerydPhotography_251008_0128_webb.jpg 1500w\" sizes=\"auto, (max-width: 1024px) 100vw, 1024px\" \/><span aria-hidden=\"true\" class=\"wp-block-cover__background has-global-color-5-background-color has-background-dim-30 has-background-dim\"><\/span><div class=\"wp-block-cover__inner-container is-layout-constrained wp-block-cover-is-layout-constrained\">\n<h1 class=\"wp-block-heading has-text-align-center has-rehab-rd-2-color has-text-color has-link-color wp-elements-7afd635469451c90c003e4592d3a679d\"><mark style=\"background-color:rgba(0, 0, 0, 0)\" class=\"has-inline-color has-rehab-rd-1-color\"><em>Professionell rehabilitering och friskv\u00e5rd <\/em><\/mark><br><mark style=\"background-color:rgba(0, 0, 0, 0)\" class=\"has-inline-color has-rehab-rd-1-color\"><strong><em>i T\u00e4by<\/em> <em>sedan&nbsp;<\/em><\/strong><em><strong>1993<\/strong><\/em><\/mark><\/h1>\n\n\n\n<div style=\"height:20px\" aria-hidden=\"true\" class=\"wp-block-spacer\"><\/div>\n\n\n\n<div class=\"wp-block-buttons is-content-justification-center is-layout-flex wp-container-core-buttons-is-layout-16018d1d wp-block-buttons-is-layout-flex\">\n<div class=\"wp-block-button\"><a class=\"wp-block-button__link has-medium-font-size has-text-align-center has-custom-font-size wp-element-button\" href=\"https:\/\/catlog.se\/boka\/\" style=\"border-radius:4px\" target=\"_blank\" rel=\"noreferrer noopener\">Boka tid hos oss<\/a><\/div>\n<\/div>\n<\/div><\/div>\n\n\n\n<div style=\"height:40px\" aria-hidden=\"true\" class=\"wp-block-spacer\"><\/div>\n\n\n\n<h2 class=\"wp-block-heading\">V\u00e4lkommen till T\u00e4by Rehab Center<\/h2>\n\n\n\n<p>Hos oss m\u00f6ts rehabilitering och friskv\u00e5rd under samma tak, mitt i T\u00e4by. Med \u00f6ver 30 \u00e5rs erfarenhet erbjuder vi professionell hj\u00e4lp f\u00f6r dig som vill \u00e5terh\u00e4mta dig fr\u00e5n skador, st\u00e4rka kroppen eller hitta balans i vardagen. I v\u00e5ra ljusa lokaler finns ett v\u00e4lutrustat gym, erfarna fysioterapeuter, kiropraktor och massageterapeuter samt ett varierat kursutbud. H\u00e4r \u00e4r det l\u00e4tt att trivas oavsett om du \u00e4r h\u00e4r f\u00f6r behandling, tr\u00e4ning eller \u00e5terh\u00e4mtning.<\/p>\n\n\n\n<div style=\"height:40px\" aria-hidden=\"true\" class=\"wp-block-spacer\"><\/div>\n\n\n\n<div class=\"wp-block-columns is-layout-flex wp-container-core-columns-is-layout-9d6595d7 wp-block-columns-is-layout-flex\">\n<div class=\"wp-block-column is-layout-flow wp-block-column-is-layout-flow\">\n<div class=\"wp-block-cover\"><img loading=\"lazy\" decoding=\"async\" width=\"1024\" height=\"683\" class=\"wp-block-cover__image-background wp-image-684 size-large\" alt=\"\" src=\"https:\/\/www.rehab.se\/wp-content\/uploads\/2026\/02\/TannerydPhotography_251008_0925_webb-1024x683.jpg\" style=\"object-position:75% 59%\" data-object-fit=\"cover\" data-object-position=\"75% 59%\" srcset=\"https:\/\/www.rehab.se\/wp-content\/uploads\/2026\/02\/TannerydPhotography_251008_0925_webb-1024x683.jpg 1024w, https:\/\/www.rehab.se\/wp-content\/uploads\/2026\/02\/TannerydPhotography_251008_0925_webb-300x200.jpg 300w, https:\/\/www.rehab.se\/wp-content\/uploads\/2026\/02\/TannerydPhotography_251008_0925_webb-768x513.jpg 768w, https:\/\/www.rehab.se\/wp-content\/uploads\/2026\/02\/TannerydPhotography_251008_0925_webb.jpg 1500w\" sizes=\"auto, (max-width: 1024px) 100vw, 1024px\" \/><span aria-hidden=\"true\" class=\"wp-block-cover__background has-svart-background-color has-background-dim-30 has-background-dim\"><\/span><div class=\"wp-block-cover__inner-container is-layout-flow wp-block-cover-is-layout-flow\">\n<div style=\"height:114px\" aria-hidden=\"true\" class=\"wp-block-spacer\"><\/div>\n\n\n\n<div class=\"wp-block-buttons is-content-justification-center is-layout-flex wp-container-core-buttons-is-layout-16018d1d wp-block-buttons-is-layout-flex\">\n<div class=\"wp-block-button\"><a class=\"wp-block-button__link has-medium-font-size has-custom-font-size wp-element-button\" href=\"https:\/\/www.rehab.se\/?page_id=52\" style=\"border-radius:10px\">Fysioterapi<\/a><\/div>\n<\/div>\n\n\n\n<div style=\"height:55px\" aria-hidden=\"true\" class=\"wp-block-spacer\"><\/div>\n\n\n<div class=\"wp-block-image\">\n<figure class=\"aligncenter size-large is-resized\"><img loading=\"lazy\" decoding=\"async\" width=\"1024\" height=\"261\" src=\"https:\/\/www.rehab.se\/wp-content\/uploads\/2026\/03\/RS_symbol_uppdrag_vit_RGB-1024x261.png\" alt=\"\" class=\"wp-image-788\" style=\"aspect-ratio:3.923890063424947;width:186px;height:auto\" srcset=\"https:\/\/www.rehab.se\/wp-content\/uploads\/2026\/03\/RS_symbol_uppdrag_vit_RGB-1024x261.png 1024w, https:\/\/www.rehab.se\/wp-content\/uploads\/2026\/03\/RS_symbol_uppdrag_vit_RGB-300x77.png 300w, https:\/\/www.rehab.se\/wp-content\/uploads\/2026\/03\/RS_symbol_uppdrag_vit_RGB-768x196.png 768w, https:\/\/www.rehab.se\/wp-content\/uploads\/2026\/03\/RS_symbol_uppdrag_vit_RGB-1536x392.png 1536w, https:\/\/www.rehab.se\/wp-content\/uploads\/2026\/03\/RS_symbol_uppdrag_vit_RGB-2048x523.png 2048w\" sizes=\"auto, (max-width: 1024px) 100vw, 1024px\" \/><\/figure>\n<\/div><\/div><\/div>\n\n\n\n<div style=\"height:30px\" aria-hidden=\"true\" class=\"wp-block-spacer\"><\/div>\n\n\n\n<div class=\"wp-block-cover\"><img loading=\"lazy\" decoding=\"async\" width=\"1024\" height=\"683\" class=\"wp-block-cover__image-background wp-image-656 size-large\" alt=\"\" src=\"https:\/\/www.rehab.se\/wp-content\/uploads\/2026\/02\/TannerydPhotography_251008_0080_webb-1024x683.jpg\" style=\"object-position:42% 53%\" data-object-fit=\"cover\" data-object-position=\"42% 53%\" srcset=\"https:\/\/www.rehab.se\/wp-content\/uploads\/2026\/02\/TannerydPhotography_251008_0080_webb-1024x683.jpg 1024w, https:\/\/www.rehab.se\/wp-content\/uploads\/2026\/02\/TannerydPhotography_251008_0080_webb-300x200.jpg 300w, https:\/\/www.rehab.se\/wp-content\/uploads\/2026\/02\/TannerydPhotography_251008_0080_webb-768x512.jpg 768w, https:\/\/www.rehab.se\/wp-content\/uploads\/2026\/02\/TannerydPhotography_251008_0080_webb.jpg 1500w\" sizes=\"auto, (max-width: 1024px) 100vw, 1024px\" \/><span aria-hidden=\"true\" class=\"wp-block-cover__background has-svart-background-color has-background-dim-30 has-background-dim\"><\/span><div class=\"wp-block-cover__inner-container is-layout-flow wp-block-cover-is-layout-flow\">\n<div class=\"wp-block-buttons has-custom-font-size has-medium-font-size is-content-justification-center is-layout-flex wp-container-core-buttons-is-layout-16018d1d wp-block-buttons-is-layout-flex\">\n<div class=\"wp-block-button\"><a class=\"wp-block-button__link wp-element-button\" href=\"https:\/\/www.rehab.se\/?page_id=56\" style=\"border-radius:10px\">     Gym     <\/a><\/div>\n<\/div>\n<\/div><\/div>\n<\/div>\n\n\n\n<div class=\"wp-block-column is-layout-flow wp-block-column-is-layout-flow\">\n<div class=\"wp-block-cover\"><img loading=\"lazy\" decoding=\"async\" width=\"1024\" height=\"683\" class=\"wp-block-cover__image-background wp-image-679 size-large\" alt=\"\" src=\"https:\/\/www.rehab.se\/wp-content\/uploads\/2026\/02\/TannerydPhotography_251008_0839_webb-1024x683.jpg\" style=\"object-position:43% 56%\" data-object-fit=\"cover\" data-object-position=\"43% 56%\" srcset=\"https:\/\/www.rehab.se\/wp-content\/uploads\/2026\/02\/TannerydPhotography_251008_0839_webb-1024x683.jpg 1024w, https:\/\/www.rehab.se\/wp-content\/uploads\/2026\/02\/TannerydPhotography_251008_0839_webb-300x200.jpg 300w, https:\/\/www.rehab.se\/wp-content\/uploads\/2026\/02\/TannerydPhotography_251008_0839_webb-768x512.jpg 768w, https:\/\/www.rehab.se\/wp-content\/uploads\/2026\/02\/TannerydPhotography_251008_0839_webb.jpg 1500w\" sizes=\"auto, (max-width: 1024px) 100vw, 1024px\" \/><span aria-hidden=\"true\" class=\"wp-block-cover__background has-svart-background-color has-background-dim-30 has-background-dim\"><\/span><div class=\"wp-block-cover__inner-container is-layout-flow wp-block-cover-is-layout-flow\">\n<div class=\"wp-block-buttons has-custom-font-size has-medium-font-size is-content-justification-center is-layout-flex wp-container-core-buttons-is-layout-16018d1d wp-block-buttons-is-layout-flex\">\n<div class=\"wp-block-button\"><a class=\"wp-block-button__link wp-element-button\" href=\"https:\/\/www.rehab.se\/?page_id=60\" style=\"border-radius:10px\">Kiropraktik<\/a><\/div>\n<\/div>\n<\/div><\/div>\n\n\n\n<div style=\"height:30px\" aria-hidden=\"true\" class=\"wp-block-spacer\"><\/div>\n\n\n\n<div class=\"wp-block-cover\"><img loading=\"lazy\" decoding=\"async\" width=\"683\" height=\"1024\" class=\"wp-block-cover__image-background wp-image-653 size-large\" alt=\"\" src=\"https:\/\/www.rehab.se\/wp-content\/uploads\/2026\/02\/TannerydPhotography_251008_0001_webb-683x1024.jpg\" data-object-fit=\"cover\" srcset=\"https:\/\/www.rehab.se\/wp-content\/uploads\/2026\/02\/TannerydPhotography_251008_0001_webb-683x1024.jpg 683w, https:\/\/www.rehab.se\/wp-content\/uploads\/2026\/02\/TannerydPhotography_251008_0001_webb-200x300.jpg 200w, https:\/\/www.rehab.se\/wp-content\/uploads\/2026\/02\/TannerydPhotography_251008_0001_webb-768x1152.jpg 768w, https:\/\/www.rehab.se\/wp-content\/uploads\/2026\/02\/TannerydPhotography_251008_0001_webb.jpg 1000w\" sizes=\"auto, (max-width: 683px) 100vw, 683px\" \/><span aria-hidden=\"true\" class=\"wp-block-cover__background has-svart-background-color has-background-dim-30 has-background-dim\"><\/span><div class=\"wp-block-cover__inner-container is-layout-flow wp-block-cover-is-layout-flow\">\n<div class=\"wp-block-buttons has-custom-font-size has-medium-font-size is-content-justification-center is-layout-flex wp-container-core-buttons-is-layout-16018d1d wp-block-buttons-is-layout-flex\">\n<div class=\"wp-block-button\"><a class=\"wp-block-button__link wp-element-button\" href=\"https:\/\/www.rehab.se\/?page_id=62\" style=\"border-radius:10px\">Friskv\u00e5rdskurser<\/a><\/div>\n<\/div>\n<\/div><\/div>\n<\/div>\n\n\n\n<div class=\"wp-block-column is-layout-flow wp-block-column-is-layout-flow\">\n<div class=\"wp-block-cover\"><img loading=\"lazy\" decoding=\"async\" width=\"683\" height=\"1024\" class=\"wp-block-cover__image-background wp-image-654 size-large\" alt=\"\" src=\"https:\/\/www.rehab.se\/wp-content\/uploads\/2026\/02\/TannerydPhotography_251008_0041_webb-683x1024.jpg\" style=\"object-position:28% 13%\" data-object-fit=\"cover\" data-object-position=\"28% 13%\" srcset=\"https:\/\/www.rehab.se\/wp-content\/uploads\/2026\/02\/TannerydPhotography_251008_0041_webb-683x1024.jpg 683w, https:\/\/www.rehab.se\/wp-content\/uploads\/2026\/02\/TannerydPhotography_251008_0041_webb-200x300.jpg 200w, https:\/\/www.rehab.se\/wp-content\/uploads\/2026\/02\/TannerydPhotography_251008_0041_webb-768x1152.jpg 768w, https:\/\/www.rehab.se\/wp-content\/uploads\/2026\/02\/TannerydPhotography_251008_0041_webb.jpg 1000w\" sizes=\"auto, (max-width: 683px) 100vw, 683px\" \/><span aria-hidden=\"true\" class=\"wp-block-cover__background has-svart-background-color has-background-dim-30 has-background-dim\"><\/span><div class=\"wp-block-cover__inner-container is-layout-flow wp-block-cover-is-layout-flow\">\n<div style=\"height:114px\" aria-hidden=\"true\" class=\"wp-block-spacer\"><\/div>\n\n\n\n<div class=\"wp-block-buttons has-custom-font-size has-medium-font-size is-content-justification-center is-layout-flex wp-container-core-buttons-is-layout-16018d1d wp-block-buttons-is-layout-flex\">\n<div class=\"wp-block-button\"><a class=\"wp-block-button__link wp-element-button\" href=\"https:\/\/www.rehab.se\/?page_id=582\" style=\"border-radius:10px\">Ultraljud<\/a><\/div>\n<\/div>\n\n\n\n<div style=\"height:55px\" aria-hidden=\"true\" class=\"wp-block-spacer\"><\/div>\n\n\n<div class=\"wp-block-image\">\n<figure class=\"aligncenter size-large is-resized\"><img loading=\"lazy\" decoding=\"async\" width=\"1024\" height=\"261\" src=\"https:\/\/www.rehab.se\/wp-content\/uploads\/2026\/03\/RS_symbol_uppdrag_vit_RGB-1024x261.png\" alt=\"\" class=\"wp-image-788\" style=\"aspect-ratio:3.923890063424947;width:186px;height:auto\" srcset=\"https:\/\/www.rehab.se\/wp-content\/uploads\/2026\/03\/RS_symbol_uppdrag_vit_RGB-1024x261.png 1024w, https:\/\/www.rehab.se\/wp-content\/uploads\/2026\/03\/RS_symbol_uppdrag_vit_RGB-300x77.png 300w, https:\/\/www.rehab.se\/wp-content\/uploads\/2026\/03\/RS_symbol_uppdrag_vit_RGB-768x196.png 768w, https:\/\/www.rehab.se\/wp-content\/uploads\/2026\/03\/RS_symbol_uppdrag_vit_RGB-1536x392.png 1536w, https:\/\/www.rehab.se\/wp-content\/uploads\/2026\/03\/RS_symbol_uppdrag_vit_RGB-2048x523.png 2048w\" sizes=\"auto, (max-width: 1024px) 100vw, 1024px\" \/><\/figure>\n<\/div><\/div><\/div>\n\n\n\n<div style=\"height:30px\" aria-hidden=\"true\" class=\"wp-block-spacer\"><\/div>\n\n\n\n<div class=\"wp-block-cover\"><img loading=\"lazy\" decoding=\"async\" width=\"1024\" height=\"685\" class=\"wp-block-cover__image-background wp-image-448\" alt=\"\" src=\"https:\/\/www.rehab.se\/wp-content\/uploads\/2025\/07\/pexels-pixabay-275768-1024x685.jpg\" data-object-fit=\"cover\" srcset=\"https:\/\/www.rehab.se\/wp-content\/uploads\/2025\/07\/pexels-pixabay-275768-1024x685.jpg 1024w, https:\/\/www.rehab.se\/wp-content\/uploads\/2025\/07\/pexels-pixabay-275768-300x201.jpg 300w, https:\/\/www.rehab.se\/wp-content\/uploads\/2025\/07\/pexels-pixabay-275768-768x514.jpg 768w, https:\/\/www.rehab.se\/wp-content\/uploads\/2025\/07\/pexels-pixabay-275768-1536x1028.jpg 1536w, https:\/\/www.rehab.se\/wp-content\/uploads\/2025\/07\/pexels-pixabay-275768-2048x1371.jpg 2048w\" sizes=\"auto, (max-width: 1024px) 100vw, 1024px\" \/><span aria-hidden=\"true\" class=\"wp-block-cover__background has-svart-background-color has-background-dim-30 has-background-dim\"><\/span><div class=\"wp-block-cover__inner-container is-layout-flow wp-block-cover-is-layout-flow\">\n<div class=\"wp-block-buttons has-custom-font-size has-medium-font-size is-content-justification-center is-layout-flex wp-container-core-buttons-is-layout-16018d1d wp-block-buttons-is-layout-flex\">\n<div class=\"wp-block-button\"><a class=\"wp-block-button__link wp-element-button\" href=\"https:\/\/www.rehab.se\/?page_id=54\" style=\"border-radius:10px\">Massage<\/a><\/div>\n<\/div>\n<\/div><\/div>\n<\/div>\n<\/div>\n\n\n\n<div style=\"height:40px\" aria-hidden=\"true\" class=\"wp-block-spacer\"><\/div>\n\n\n\n<div class=\"wp-block-columns is-layout-flex wp-container-core-columns-is-layout-9d6595d7 wp-block-columns-is-layout-flex\">\n<div class=\"wp-block-column is-vertically-aligned-center is-layout-flow wp-block-column-is-layout-flow\" style=\"flex-basis:66.66%\">\n<h2 class=\"wp-block-heading has-text-align-left\">Aktuellt hos oss<\/h2>\n<\/div>\n\n\n\n<div class=\"wp-block-column is-vertically-aligned-top is-layout-flow wp-block-column-is-layout-flow\" style=\"flex-basis:33.33%\"><\/div>\n<\/div>\n\n\n<ul class=\"wp-block-latest-posts__list is-grid columns-3 has-dates aligncenter wp-block-latest-posts\"><li><div class=\"wp-block-latest-posts__featured-image\"><img loading=\"lazy\" decoding=\"async\" width=\"300\" height=\"300\" src=\"https:\/\/www.rehab.se\/wp-content\/uploads\/2026\/03\/kaja-reichardt-5gYBfEx7kwg-unsplash-scaled-e1773842316987-300x300.jpg\" class=\"attachment-medium size-medium wp-post-image\" alt=\"\" style=\"max-width:300px;max-height:300px;\" srcset=\"https:\/\/www.rehab.se\/wp-content\/uploads\/2026\/03\/kaja-reichardt-5gYBfEx7kwg-unsplash-scaled-e1773842316987-300x300.jpg 300w, https:\/\/www.rehab.se\/wp-content\/uploads\/2026\/03\/kaja-reichardt-5gYBfEx7kwg-unsplash-scaled-e1773842316987-1024x1024.jpg 1024w, https:\/\/www.rehab.se\/wp-content\/uploads\/2026\/03\/kaja-reichardt-5gYBfEx7kwg-unsplash-scaled-e1773842316987-150x150.jpg 150w, https:\/\/www.rehab.se\/wp-content\/uploads\/2026\/03\/kaja-reichardt-5gYBfEx7kwg-unsplash-scaled-e1773842316987-768x768.jpg 768w, https:\/\/www.rehab.se\/wp-content\/uploads\/2026\/03\/kaja-reichardt-5gYBfEx7kwg-unsplash-scaled-e1773842316987-1536x1536.jpg 1536w, https:\/\/www.rehab.se\/wp-content\/uploads\/2026\/03\/kaja-reichardt-5gYBfEx7kwg-unsplash-scaled-e1773842316987.jpg 1707w\" sizes=\"auto, (max-width: 300px) 100vw, 300px\" \/><\/div><a class=\"wp-block-latest-posts__post-title\" href=\"https:\/\/www.rehab.se\/paskens-oppettider\/\">P\u00e5skens \u00f6ppettider<\/a><time datetime=\"2026-03-18T14:58:57+01:00\" class=\"wp-block-latest-posts__post-date\">18 mars 2026<\/time><div class=\"wp-block-latest-posts__post-excerpt\">P\u00e5sken p\u00e5verkar v\u00e5ra \u00f6ppettider. H\u00e4r kan du se avvikelserna.<\/div><\/li>\n<li><div class=\"wp-block-latest-posts__featured-image\"><img loading=\"lazy\" decoding=\"async\" width=\"300\" height=\"300\" src=\"https:\/\/www.rehab.se\/wp-content\/uploads\/2026\/02\/PHOTO-2025-05-19-22-30-57-1-1-e1770975586773-300x300.jpg\" class=\"attachment-medium size-medium wp-post-image\" alt=\"\" style=\"max-width:300px;max-height:300px;\" srcset=\"https:\/\/www.rehab.se\/wp-content\/uploads\/2026\/02\/PHOTO-2025-05-19-22-30-57-1-1-e1770975586773-300x300.jpg 300w, https:\/\/www.rehab.se\/wp-content\/uploads\/2026\/02\/PHOTO-2025-05-19-22-30-57-1-1-e1770975586773-1024x1024.jpg 1024w, https:\/\/www.rehab.se\/wp-content\/uploads\/2026\/02\/PHOTO-2025-05-19-22-30-57-1-1-e1770975586773-150x150.jpg 150w, https:\/\/www.rehab.se\/wp-content\/uploads\/2026\/02\/PHOTO-2025-05-19-22-30-57-1-1-e1770975586773-768x768.jpg 768w, https:\/\/www.rehab.se\/wp-content\/uploads\/2026\/02\/PHOTO-2025-05-19-22-30-57-1-1-e1770975586773.jpg 1200w\" sizes=\"auto, (max-width: 300px) 100vw, 300px\" \/><\/div><a class=\"wp-block-latest-posts__post-title\" href=\"https:\/\/www.rehab.se\/i-halsans-tecken\/\">I h\u00e4lsans tecken<\/a><time datetime=\"2026-02-08T12:14:53+01:00\" class=\"wp-block-latest-posts__post-date\">8 februari 2026<\/time><div class=\"wp-block-latest-posts__post-excerpt\">V\u00e4lkommen till v\u00e5rens seniordagar p\u00e5 Grisslehamns Havsbad!<\/div><\/li>\n<\/ul>\n\n\n<div style=\"height:70px\" aria-hidden=\"true\" class=\"wp-block-spacer\"><\/div>\n\n\n\n<div class=\"wp-block-columns is-layout-flex wp-container-core-columns-is-layout-9d6595d7 wp-block-columns-is-layout-flex\">\n<div class=\"wp-block-column is-layout-flow wp-block-column-is-layout-flow\" style=\"flex-basis:66.66%\">\n<iframe src=\"https:\/\/www.google.com\/maps\/embed?pb=!1m18!1m12!1m3!1d2028.0914465084861!2d18.081822377076534!3d59.44822637467214!2m3!1f0!2f0!3f0!3m2!1i1024!2i768!4f13.1!3m3!1m2!1s0x465f9ba3441550a7%3A0xbcefc6f6e1b5199!2sT%C3%A4by%20Rehab%20Center!5e0!3m2!1ssv!2sse!4v1751898962966!5m2!1ssv!2sse\" width=\"600\" height=\"450\" style=\"border:0;\" allowfullscreen=\"\" loading=\"lazy\" referrerpolicy=\"no-referrer-when-downgrade\"><\/iframe>\n<\/div>\n\n\n\n<div class=\"wp-block-column is-layout-flow wp-block-column-is-layout-flow\" style=\"flex-basis:33.33%\">\n<h2 class=\"wp-block-heading\">Kontakt<\/h2>\n\n\n\n<p><strong>08-732 84 55<br><\/strong><a href=\"info@rehab.se\" data-type=\"link\" data-id=\"info@rehab.se\">info@rehab.se<br><\/a><em>Obs mejla ej personuppgifter.<\/em><\/p>\n\n\n\n<h2 class=\"wp-block-heading\"><strong>Bes\u00f6ksadress<\/strong><\/h2>\n\n\n\n<p>Kemistv\u00e4gen 1 A<br>187 29 T\u00e4by<\/p>\n\n\n\n<h2 class=\"wp-block-heading\"><strong>\u00d6ppettider<\/strong><\/h2>\n\n\n\n<p>M\u00e5ndag-Torsdag: 07.00-18.30<br>Fredag: 07.00-17.00<br>Nyckelgym: alla dagar 05.00-23.00<\/p>\n\n\n\n<p><em>Avvikande \u00f6ppettider kan f\u00f6rekomma och finns d\u00e5 att hitta under&nbsp;<\/em><em>&#8221;aktuellt hos oss&#8221;<\/em><\/p>\n<\/div>\n<\/div>\n","protected":false},"excerpt":{"rendered":"<p>V\u00e4lkommen till T\u00e4by Rehab Center Hos oss m\u00f6ts rehabilitering och friskv\u00e5rd under samma tak, mitt i T\u00e4by. Med \u00f6ver 30 \u00e5rs erfarenhet erbjuder vi professionell hj\u00e4lp f\u00f6r dig som vill \u00e5terh\u00e4mta dig fr\u00e5n skador, st\u00e4rka kroppen eller hitta balans i vardagen. I v\u00e5ra ljusa lokaler finns ett v\u00e4lutrustat gym, erfarna fysioterapeuter, kiropraktor och massageterapeuter samt &#8230; <a title=\"T\u00e4by Rehab Center\" class=\"read-more\" href=\"https:\/\/www.rehab.se\/\" aria-label=\"L\u00e4s mer om T\u00e4by Rehab Center\">L\u00e4s mer<\/a><\/p>\n","protected":false},"author":1,"featured_media":0,"parent":0,"menu_order":0,"comment_status":"closed","ping_status":"closed","template":"","meta":{"footnotes":""},"class_list":["post-88","page","type-page","status-publish"],"_links":{"self":[{"href":"https:\/\/www.rehab.se\/wp-json\/wp\/v2\/pages\/88","targetHints":{"allow":["GET"]}}],"collection":[{"href":"https:\/\/www.rehab.se\/wp-json\/wp\/v2\/pages"}],"about":[{"href":"https:\/\/www.rehab.se\/wp-json\/wp\/v2\/types\/page"}],"author":[{"embeddable":true,"href":"https:\/\/www.rehab.se\/wp-json\/wp\/v2\/users\/1"}],"replies":[{"embeddable":true,"href":"https:\/\/www.rehab.se\/wp-json\/wp\/v2\/comments?post=88"}],"version-history":[{"count":51,"href":"https:\/\/www.rehab.se\/wp-json\/wp\/v2\/pages\/88\/revisions"}],"predecessor-version":[{"id":871,"href":"https:\/\/www.rehab.se\/wp-json\/wp\/v2\/pages\/88\/revisions\/871"}],"wp:attachment":[{"href":"https:\/\/www.rehab.se\/wp-json\/wp\/v2\/media?parent=88"}],"curies":[{"name":"wp","href":"https:\/\/api.w.org\/{rel}","templated":true}]}}